{"id":2368,"date":"2020-12-11T09:10:03","date_gmt":"2020-12-11T08:10:03","guid":{"rendered":"https:\/\/sunsun.fr\/editions\/everything-is-cancelled-poster\/"},"modified":"2020-12-11T09:10:03","modified_gmt":"2020-12-11T08:10:03","slug":"everything-is-cancelled-poster","status":"publish","type":"product","link":"https:\/\/sunsun.fr\/en\/editions\/everything-is-cancelled-poster\/","title":{"rendered":"Everything is cancelled (poster)"},"content":{"rendered":"<p>C\u00e9l\u00e9brons ce qui est annul\u00e9, d\u00e9cal\u00e9 et report\u00e9 \u00e0 plus tard avec l&#8217;affiche &#8220;Everything is cancelled&#8221;.<br \/>\nune collaboration Typical. x sun\/sun<\/p>\n<p>&nbsp;<\/p>\n<p>En commande \u00e0 distance : 5 affiches pour 20 euros livr\u00e9es chez vous.<br \/>\nOu alors \u00e0 collecter dans la maison de sun\/sun \u00e0 Montpellier (affiches vert clair)<br \/>\nou dans le bureaux de Typical \u00e0 Ath\u00e8nes (affiches bleu clair)<\/p>\n","protected":false},"excerpt":{"rendered":"<p>C\u00e9l\u00e9brons ce qui est annul\u00e9, d\u00e9cal\u00e9 et report\u00e9 \u00e0 plus tard avec l&#8217;affiche &#8220;Everything is cancelled&#8221;. une collaboration Typical. x sun\/sun &nbsp; En commande \u00e0 distance : 5 affiches pour 20 euros livr\u00e9es chez vous. Ou alors \u00e0 collecter dans la maison de sun\/sun \u00e0 Montpellier (affiches vert clair) ou dans le bureaux de Typical [&hellip;]<\/p>\n","protected":false},"featured_media":2921,"template":"","meta":{"_acf_changed":false,"_exactmetrics_skip_tracking":false,"_exactmetrics_sitenote_active":false,"_exactmetrics_sitenote_note":"","_exactmetrics_sitenote_category":0},"product_cat":[97],"product_tag":[],"class_list":{"0":"post-2368","1":"product","2":"type-product","3":"status-publish","4":"has-post-thumbnail","6":"collection-graphic-object","7":"writer-typical-en","8":"product_cat-uncategorized-en","10":"first","11":"outofstock","12":"shipping-taxable","13":"purchasable","14":"product-type-simple"},"acf":[],"yoast_head":"<!-- This site is optimized with the Yoast SEO plugin v23.5 - https:\/\/yoast.com\/wordpress\/plugins\/seo\/ -->\n<title>Everything is cancelled (poster) - sun\/sun<\/title>\n<meta name=\"robots\" content=\"index, follow, max-snippet:-1, max-image-preview:large, max-video-preview:-1\" \/>\n<link rel=\"canonical\" href=\"https:\/\/sunsun.fr\/en\/editions\/everything-is-cancelled-poster\/\" \/>\n<meta property=\"og:locale\" content=\"en_US\" \/>\n<meta property=\"og:type\" content=\"article\" \/>\n<meta property=\"og:title\" content=\"Everything is cancelled (poster) - sun\/sun\" \/>\n<meta property=\"og:description\" content=\"C\u00e9l\u00e9brons ce qui est annul\u00e9, d\u00e9cal\u00e9 et report\u00e9 \u00e0 plus tard avec l&#8217;affiche &#8220;Everything is cancelled&#8221;. une collaboration Typical. x sun\/sun &nbsp; En commande \u00e0 distance : 5 affiches pour 20 euros livr\u00e9es chez vous. Ou alors \u00e0 collecter dans la maison de sun\/sun \u00e0 Montpellier (affiches vert clair) ou dans le bureaux de Typical [&hellip;]\" \/>\n<meta property=\"og:url\" content=\"https:\/\/sunsun.fr\/en\/editions\/everything-is-cancelled-poster\/\" \/>\n<meta property=\"og:site_name\" content=\"sun\/sun\" \/>\n<meta property=\"article:publisher\" content=\"https:\/\/www.facebook.com\/icisunsun\" \/>\n<meta name=\"twitter:card\" content=\"summary_large_image\" \/>\n<script type=\"application\/ld+json\" class=\"yoast-schema-graph\">{\"@context\":\"https:\/\/schema.org\",\"@graph\":[{\"@type\":\"WebPage\",\"@id\":\"https:\/\/sunsun.fr\/en\/editions\/everything-is-cancelled-poster\/\",\"url\":\"https:\/\/sunsun.fr\/en\/editions\/everything-is-cancelled-poster\/\",\"name\":\"Everything is cancelled (poster) - sun\/sun\",\"isPartOf\":{\"@id\":\"https:\/\/dev.webxost.com\/sunsun2\/#website\"},\"primaryImageOfPage\":{\"@id\":\"https:\/\/sunsun.fr\/en\/editions\/everything-is-cancelled-poster\/#primaryimage\"},\"image\":{\"@id\":\"https:\/\/sunsun.fr\/en\/editions\/everything-is-cancelled-poster\/#primaryimage\"},\"thumbnailUrl\":\"https:\/\/sunsun.fr\/app\/uploads\/2020\/12\/everything_is.jpg\",\"datePublished\":\"2020-12-11T08:10:03+00:00\",\"dateModified\":\"2020-12-11T08:10:03+00:00\",\"breadcrumb\":{\"@id\":\"https:\/\/sunsun.fr\/en\/editions\/everything-is-cancelled-poster\/#breadcrumb\"},\"inLanguage\":\"en-US\",\"potentialAction\":[{\"@type\":\"ReadAction\",\"target\":[\"https:\/\/sunsun.fr\/en\/editions\/everything-is-cancelled-poster\/\"]}]},{\"@type\":\"ImageObject\",\"inLanguage\":\"en-US\",\"@id\":\"https:\/\/sunsun.fr\/en\/editions\/everything-is-cancelled-poster\/#primaryimage\",\"url\":\"https:\/\/sunsun.fr\/app\/uploads\/2020\/12\/everything_is.jpg\",\"contentUrl\":\"https:\/\/sunsun.fr\/app\/uploads\/2020\/12\/everything_is.jpg\",\"width\":600,\"height\":450},{\"@type\":\"BreadcrumbList\",\"@id\":\"https:\/\/sunsun.fr\/en\/editions\/everything-is-cancelled-poster\/#breadcrumb\",\"itemListElement\":[{\"@type\":\"ListItem\",\"position\":1,\"name\":\"Home\",\"item\":\"https:\/\/sunsun.fr\/en\/\"},{\"@type\":\"ListItem\",\"position\":2,\"name\":\"\u00e9ditions\",\"item\":\"https:\/\/sunsun.fr\/en\/\"},{\"@type\":\"ListItem\",\"position\":3,\"name\":\"Everything is cancelled (poster)\"}]},{\"@type\":\"WebSite\",\"@id\":\"https:\/\/dev.webxost.com\/sunsun2\/#website\",\"url\":\"https:\/\/dev.webxost.com\/sunsun2\/\",\"name\":\"sun\/sun\",\"description\":\"label de cr\u00e9ation \u00e9ditoriale\",\"potentialAction\":[{\"@type\":\"SearchAction\",\"target\":{\"@type\":\"EntryPoint\",\"urlTemplate\":\"https:\/\/dev.webxost.com\/sunsun2\/?s={search_term_string}\"},\"query-input\":{\"@type\":\"PropertyValueSpecification\",\"valueRequired\":true,\"valueName\":\"search_term_string\"}}],\"inLanguage\":\"en-US\"}]}<\/script>\n<!-- \/ Yoast SEO plugin. -->","yoast_head_json":{"title":"Everything is cancelled (poster) - sun\/sun","robots":{"index":"index","follow":"follow","max-snippet":"max-snippet:-1","max-image-preview":"max-image-preview:large","max-video-preview":"max-video-preview:-1"},"canonical":"https:\/\/sunsun.fr\/en\/editions\/everything-is-cancelled-poster\/","og_locale":"en_US","og_type":"article","og_title":"Everything is cancelled (poster) - sun\/sun","og_description":"C\u00e9l\u00e9brons ce qui est annul\u00e9, d\u00e9cal\u00e9 et report\u00e9 \u00e0 plus tard avec l&#8217;affiche &#8220;Everything is cancelled&#8221;. une collaboration Typical. x sun\/sun &nbsp; En commande \u00e0 distance : 5 affiches pour 20 euros livr\u00e9es chez vous. Ou alors \u00e0 collecter dans la maison de sun\/sun \u00e0 Montpellier (affiches vert clair) ou dans le bureaux de Typical [&hellip;]","og_url":"https:\/\/sunsun.fr\/en\/editions\/everything-is-cancelled-poster\/","og_site_name":"sun\/sun","article_publisher":"https:\/\/www.facebook.com\/icisunsun","twitter_card":"summary_large_image","schema":{"@context":"https:\/\/schema.org","@graph":[{"@type":"WebPage","@id":"https:\/\/sunsun.fr\/en\/editions\/everything-is-cancelled-poster\/","url":"https:\/\/sunsun.fr\/en\/editions\/everything-is-cancelled-poster\/","name":"Everything is cancelled (poster) - sun\/sun","isPartOf":{"@id":"https:\/\/dev.webxost.com\/sunsun2\/#website"},"primaryImageOfPage":{"@id":"https:\/\/sunsun.fr\/en\/editions\/everything-is-cancelled-poster\/#primaryimage"},"image":{"@id":"https:\/\/sunsun.fr\/en\/editions\/everything-is-cancelled-poster\/#primaryimage"},"thumbnailUrl":"https:\/\/sunsun.fr\/app\/uploads\/2020\/12\/everything_is.jpg","datePublished":"2020-12-11T08:10:03+00:00","dateModified":"2020-12-11T08:10:03+00:00","breadcrumb":{"@id":"https:\/\/sunsun.fr\/en\/editions\/everything-is-cancelled-poster\/#breadcrumb"},"inLanguage":"en-US","potentialAction":[{"@type":"ReadAction","target":["https:\/\/sunsun.fr\/en\/editions\/everything-is-cancelled-poster\/"]}]},{"@type":"ImageObject","inLanguage":"en-US","@id":"https:\/\/sunsun.fr\/en\/editions\/everything-is-cancelled-poster\/#primaryimage","url":"https:\/\/sunsun.fr\/app\/uploads\/2020\/12\/everything_is.jpg","contentUrl":"https:\/\/sunsun.fr\/app\/uploads\/2020\/12\/everything_is.jpg","width":600,"height":450},{"@type":"BreadcrumbList","@id":"https:\/\/sunsun.fr\/en\/editions\/everything-is-cancelled-poster\/#breadcrumb","itemListElement":[{"@type":"ListItem","position":1,"name":"Home","item":"https:\/\/sunsun.fr\/en\/"},{"@type":"ListItem","position":2,"name":"\u00e9ditions","item":"https:\/\/sunsun.fr\/en\/"},{"@type":"ListItem","position":3,"name":"Everything is cancelled (poster)"}]},{"@type":"WebSite","@id":"https:\/\/dev.webxost.com\/sunsun2\/#website","url":"https:\/\/dev.webxost.com\/sunsun2\/","name":"sun\/sun","description":"label de cr\u00e9ation \u00e9ditoriale","potentialAction":[{"@type":"SearchAction","target":{"@type":"EntryPoint","urlTemplate":"https:\/\/dev.webxost.com\/sunsun2\/?s={search_term_string}"},"query-input":{"@type":"PropertyValueSpecification","valueRequired":true,"valueName":"search_term_string"}}],"inLanguage":"en-US"}]}},"_links":{"self":[{"href":"https:\/\/sunsun.fr\/en\/wp-json\/wp\/v2\/product\/2368"}],"collection":[{"href":"https:\/\/sunsun.fr\/en\/wp-json\/wp\/v2\/product"}],"about":[{"href":"https:\/\/sunsun.fr\/en\/wp-json\/wp\/v2\/types\/product"}],"wp:featuredmedia":[{"embeddable":true,"href":"https:\/\/sunsun.fr\/en\/wp-json\/wp\/v2\/media\/2921"}],"wp:attachment":[{"href":"https:\/\/sunsun.fr\/en\/wp-json\/wp\/v2\/media?parent=2368"}],"wp:term":[{"taxonomy":"product_cat","embeddable":true,"href":"https:\/\/sunsun.fr\/en\/wp-json\/wp\/v2\/product_cat?post=2368"},{"taxonomy":"product_tag","embeddable":true,"href":"https:\/\/sunsun.fr\/en\/wp-json\/wp\/v2\/product_tag?post=2368"}],"curies":[{"name":"wp","href":"https:\/\/api.w.org\/{rel}","templated":true}]}}