{"id":2374,"date":"2015-11-08T01:36:03","date_gmt":"2015-11-08T00:36:03","guid":{"rendered":"https:\/\/sunsun.fr\/editions\/missing-signs\/"},"modified":"2015-11-08T01:36:03","modified_gmt":"2015-11-08T00:36:03","slug":"missing-signs","status":"publish","type":"product","link":"https:\/\/sunsun.fr\/en\/editions\/missing-signs\/","title":{"rendered":"missing signs"},"content":{"rendered":"<p>\u201c Une enqu\u00eate en forme de tarot o\u00f9 figures et symboles deviennent les acteurs d&#8217;un polar sans crime ni corps \u201d<\/p>\n<p>Plus de trait, plus de couleur, plus d\u2019odeur ni de raisin, plus de b\u00e2ton ni de pi\u00e8ce, plus de chapeau ni de sable ni d\u2019oeuf dissimul\u00e9, finis les visages aux mines troubles et les hachures r\u00e9p\u00e9t\u00e9es, finies les couronnes port\u00e9es, foudroy\u00e9es ou flou\u00e9es, les gouttes, les coupes, les balles et les \u00e9toiles, finis les mouvements des \u00e2mes, finis les sans-nom, les sans-chiffre, les sans-t\u00eate et les sans-pied. Br\u00fbl\u00e9. Je vous ai br\u00fbl\u00e9es Images, sans le faire expr\u00e8s et depuis le d\u00e9but. Je vous ai br\u00fbl\u00e9, vous et vos mots. Je n\u2019\u00e9tais pas seule, mais je n\u2019ai rien dit. Personne n\u2019a rien dit. Personne ne dit rien. M\u00eame quand la fum\u00e9e qui sortait de vous sentait tellement mauvais que toutes formes de langage auraient \u00e9t\u00e9 vaines \u00e0 croire que nous pouvions vous comprendre. Nous vous br\u00fblons images et mots \u00e0 chaque fois que nous insistons \u00e0 dire \u00ab Je sais \u00bb.<\/p>\n","protected":false},"excerpt":{"rendered":"<p>\u201c Une enqu\u00eate en forme de tarot o\u00f9 figures et symboles deviennent les acteurs d&#8217;un polar sans crime ni corps \u201d Plus de trait, plus de couleur, plus d\u2019odeur ni de raisin, plus de b\u00e2ton ni de pi\u00e8ce, plus de chapeau ni de sable ni d\u2019oeuf dissimul\u00e9, finis les visages aux mines troubles et les [&hellip;]<\/p>\n","protected":false},"featured_media":4097,"template":"","meta":{"_acf_changed":false,"_exactmetrics_skip_tracking":false,"_exactmetrics_sitenote_active":false,"_exactmetrics_sitenote_note":"","_exactmetrics_sitenote_category":0},"product_cat":[97],"product_tag":[],"class_list":{"0":"post-2374","1":"product","2":"type-product","3":"status-publish","4":"has-post-thumbnail","6":"collection-graphic-object","7":"writer-laurie-bellanca-en","8":"product_cat-uncategorized-en","10":"first","11":"outofstock","12":"shipping-taxable","13":"purchasable","14":"product-type-simple"},"acf":[],"yoast_head":"<!-- This site is optimized with the Yoast SEO plugin v23.5 - https:\/\/yoast.com\/wordpress\/plugins\/seo\/ -->\n<title>missing signs - sun\/sun<\/title>\n<meta name=\"robots\" content=\"index, follow, max-snippet:-1, max-image-preview:large, max-video-preview:-1\" \/>\n<link rel=\"canonical\" href=\"https:\/\/sunsun.fr\/en\/editions\/missing-signs\/\" \/>\n<meta property=\"og:locale\" content=\"en_US\" \/>\n<meta property=\"og:type\" content=\"article\" \/>\n<meta property=\"og:title\" content=\"missing signs - sun\/sun\" \/>\n<meta property=\"og:description\" content=\"\u201c Une enqu\u00eate en forme de tarot o\u00f9 figures et symboles deviennent les acteurs d&#8217;un polar sans crime ni corps \u201d Plus de trait, plus de couleur, plus d\u2019odeur ni de raisin, plus de b\u00e2ton ni de pi\u00e8ce, plus de chapeau ni de sable ni d\u2019oeuf dissimul\u00e9, finis les visages aux mines troubles et les [&hellip;]\" \/>\n<meta property=\"og:url\" content=\"https:\/\/sunsun.fr\/en\/editions\/missing-signs\/\" \/>\n<meta property=\"og:site_name\" content=\"sun\/sun\" \/>\n<meta property=\"article:publisher\" content=\"https:\/\/www.facebook.com\/icisunsun\" \/>\n<meta property=\"og:image\" content=\"https:\/\/sunsun.fr\/app\/uploads\/2018\/10\/06012017-2017_01_06_3692.jpg\" \/>\n\t<meta property=\"og:image:width\" content=\"1800\" \/>\n\t<meta property=\"og:image:height\" content=\"1200\" \/>\n\t<meta property=\"og:image:type\" content=\"image\/jpeg\" \/>\n<meta name=\"twitter:card\" content=\"summary_large_image\" \/>\n<meta name=\"twitter:label1\" content=\"Est. reading time\" \/>\n\t<meta name=\"twitter:data1\" content=\"1 minute\" \/>\n<script type=\"application\/ld+json\" class=\"yoast-schema-graph\">{\"@context\":\"https:\/\/schema.org\",\"@graph\":[{\"@type\":\"WebPage\",\"@id\":\"https:\/\/sunsun.fr\/en\/editions\/missing-signs\/\",\"url\":\"https:\/\/sunsun.fr\/en\/editions\/missing-signs\/\",\"name\":\"missing signs - sun\/sun\",\"isPartOf\":{\"@id\":\"https:\/\/dev.webxost.com\/sunsun2\/#website\"},\"primaryImageOfPage\":{\"@id\":\"https:\/\/sunsun.fr\/en\/editions\/missing-signs\/#primaryimage\"},\"image\":{\"@id\":\"https:\/\/sunsun.fr\/en\/editions\/missing-signs\/#primaryimage\"},\"thumbnailUrl\":\"https:\/\/sunsun.fr\/app\/uploads\/2015\/11\/sunsun_des-signes-dont-nous.jpg\",\"datePublished\":\"2015-11-08T00:36:03+00:00\",\"dateModified\":\"2015-11-08T00:36:03+00:00\",\"breadcrumb\":{\"@id\":\"https:\/\/sunsun.fr\/en\/editions\/missing-signs\/#breadcrumb\"},\"inLanguage\":\"en-US\",\"potentialAction\":[{\"@type\":\"ReadAction\",\"target\":[\"https:\/\/sunsun.fr\/en\/editions\/missing-signs\/\"]}]},{\"@type\":\"ImageObject\",\"inLanguage\":\"en-US\",\"@id\":\"https:\/\/sunsun.fr\/en\/editions\/missing-signs\/#primaryimage\",\"url\":\"https:\/\/sunsun.fr\/app\/uploads\/2015\/11\/sunsun_des-signes-dont-nous.jpg\",\"contentUrl\":\"https:\/\/sunsun.fr\/app\/uploads\/2015\/11\/sunsun_des-signes-dont-nous.jpg\",\"width\":1200,\"height\":900},{\"@type\":\"BreadcrumbList\",\"@id\":\"https:\/\/sunsun.fr\/en\/editions\/missing-signs\/#breadcrumb\",\"itemListElement\":[{\"@type\":\"ListItem\",\"position\":1,\"name\":\"Home\",\"item\":\"https:\/\/sunsun.fr\/en\/\"},{\"@type\":\"ListItem\",\"position\":2,\"name\":\"\u00e9ditions\",\"item\":\"https:\/\/sunsun.fr\/en\/\"},{\"@type\":\"ListItem\",\"position\":3,\"name\":\"missing signs\"}]},{\"@type\":\"WebSite\",\"@id\":\"https:\/\/dev.webxost.com\/sunsun2\/#website\",\"url\":\"https:\/\/dev.webxost.com\/sunsun2\/\",\"name\":\"sun\/sun\",\"description\":\"label de cr\u00e9ation \u00e9ditoriale\",\"potentialAction\":[{\"@type\":\"SearchAction\",\"target\":{\"@type\":\"EntryPoint\",\"urlTemplate\":\"https:\/\/dev.webxost.com\/sunsun2\/?s={search_term_string}\"},\"query-input\":{\"@type\":\"PropertyValueSpecification\",\"valueRequired\":true,\"valueName\":\"search_term_string\"}}],\"inLanguage\":\"en-US\"}]}<\/script>\n<!-- \/ Yoast SEO plugin. -->","yoast_head_json":{"title":"missing signs - sun\/sun","robots":{"index":"index","follow":"follow","max-snippet":"max-snippet:-1","max-image-preview":"max-image-preview:large","max-video-preview":"max-video-preview:-1"},"canonical":"https:\/\/sunsun.fr\/en\/editions\/missing-signs\/","og_locale":"en_US","og_type":"article","og_title":"missing signs - sun\/sun","og_description":"\u201c Une enqu\u00eate en forme de tarot o\u00f9 figures et symboles deviennent les acteurs d&#8217;un polar sans crime ni corps \u201d Plus de trait, plus de couleur, plus d\u2019odeur ni de raisin, plus de b\u00e2ton ni de pi\u00e8ce, plus de chapeau ni de sable ni d\u2019oeuf dissimul\u00e9, finis les visages aux mines troubles et les [&hellip;]","og_url":"https:\/\/sunsun.fr\/en\/editions\/missing-signs\/","og_site_name":"sun\/sun","article_publisher":"https:\/\/www.facebook.com\/icisunsun","og_image":[{"width":1800,"height":1200,"url":"https:\/\/sunsun.fr\/app\/uploads\/2018\/10\/06012017-2017_01_06_3692.jpg","type":"image\/jpeg"}],"twitter_card":"summary_large_image","twitter_misc":{"Est. reading time":"1 minute"},"schema":{"@context":"https:\/\/schema.org","@graph":[{"@type":"WebPage","@id":"https:\/\/sunsun.fr\/en\/editions\/missing-signs\/","url":"https:\/\/sunsun.fr\/en\/editions\/missing-signs\/","name":"missing signs - sun\/sun","isPartOf":{"@id":"https:\/\/dev.webxost.com\/sunsun2\/#website"},"primaryImageOfPage":{"@id":"https:\/\/sunsun.fr\/en\/editions\/missing-signs\/#primaryimage"},"image":{"@id":"https:\/\/sunsun.fr\/en\/editions\/missing-signs\/#primaryimage"},"thumbnailUrl":"https:\/\/sunsun.fr\/app\/uploads\/2015\/11\/sunsun_des-signes-dont-nous.jpg","datePublished":"2015-11-08T00:36:03+00:00","dateModified":"2015-11-08T00:36:03+00:00","breadcrumb":{"@id":"https:\/\/sunsun.fr\/en\/editions\/missing-signs\/#breadcrumb"},"inLanguage":"en-US","potentialAction":[{"@type":"ReadAction","target":["https:\/\/sunsun.fr\/en\/editions\/missing-signs\/"]}]},{"@type":"ImageObject","inLanguage":"en-US","@id":"https:\/\/sunsun.fr\/en\/editions\/missing-signs\/#primaryimage","url":"https:\/\/sunsun.fr\/app\/uploads\/2015\/11\/sunsun_des-signes-dont-nous.jpg","contentUrl":"https:\/\/sunsun.fr\/app\/uploads\/2015\/11\/sunsun_des-signes-dont-nous.jpg","width":1200,"height":900},{"@type":"BreadcrumbList","@id":"https:\/\/sunsun.fr\/en\/editions\/missing-signs\/#breadcrumb","itemListElement":[{"@type":"ListItem","position":1,"name":"Home","item":"https:\/\/sunsun.fr\/en\/"},{"@type":"ListItem","position":2,"name":"\u00e9ditions","item":"https:\/\/sunsun.fr\/en\/"},{"@type":"ListItem","position":3,"name":"missing signs"}]},{"@type":"WebSite","@id":"https:\/\/dev.webxost.com\/sunsun2\/#website","url":"https:\/\/dev.webxost.com\/sunsun2\/","name":"sun\/sun","description":"label de cr\u00e9ation \u00e9ditoriale","potentialAction":[{"@type":"SearchAction","target":{"@type":"EntryPoint","urlTemplate":"https:\/\/dev.webxost.com\/sunsun2\/?s={search_term_string}"},"query-input":{"@type":"PropertyValueSpecification","valueRequired":true,"valueName":"search_term_string"}}],"inLanguage":"en-US"}]}},"_links":{"self":[{"href":"https:\/\/sunsun.fr\/en\/wp-json\/wp\/v2\/product\/2374"}],"collection":[{"href":"https:\/\/sunsun.fr\/en\/wp-json\/wp\/v2\/product"}],"about":[{"href":"https:\/\/sunsun.fr\/en\/wp-json\/wp\/v2\/types\/product"}],"wp:featuredmedia":[{"embeddable":true,"href":"https:\/\/sunsun.fr\/en\/wp-json\/wp\/v2\/media\/4097"}],"wp:attachment":[{"href":"https:\/\/sunsun.fr\/en\/wp-json\/wp\/v2\/media?parent=2374"}],"wp:term":[{"taxonomy":"product_cat","embeddable":true,"href":"https:\/\/sunsun.fr\/en\/wp-json\/wp\/v2\/product_cat?post=2374"},{"taxonomy":"product_tag","embeddable":true,"href":"https:\/\/sunsun.fr\/en\/wp-json\/wp\/v2\/product_tag?post=2374"}],"curies":[{"name":"wp","href":"https:\/\/api.w.org\/{rel}","templated":true}]}}