{"id":2377,"date":"2016-05-15T15:30:19","date_gmt":"2016-05-15T13:30:19","guid":{"rendered":"https:\/\/sunsun.fr\/editions\/they-say-we-are-at-war\/"},"modified":"2016-05-15T15:30:19","modified_gmt":"2016-05-15T13:30:19","slug":"they-say-we-are-at-war","status":"publish","type":"product","link":"https:\/\/sunsun.fr\/en\/editions\/they-say-we-are-at-war\/","title":{"rendered":"they say we are at war"},"content":{"rendered":"<p>Une lettre, un po\u00e8me, b\u00eate comme la peur<\/p>\n<p><em>Il para\u00eet que nous sommes en guerre<\/em>\u00a0est n\u00e9 de l\u2019effroi.<br \/>\nDu K.O. Du d\u00e9go\u00fbt provoqu\u00e9 par le 13 Novembre.<br \/>\nC\u2019est une lettre.<br \/>\nSimple et directe.<br \/>\nAdress\u00e9e \u00e0 nos agresseurs.<br \/>\n\u00c0 notre Histoire. \u00c0 notre Monde.<br \/>\nC\u2019est un po\u00e8me. B\u00eate comme la peur.<br \/>\nQui tente de redonner \u00e0 l\u2019\u00e9criture sa place premi\u00e8re :<br \/>\ncelle de dire l\u2019impossible.<br \/>\nDe tendre la main. De dialoguer avec l&#8217;inconnu.<br \/>\n<em>Il para\u00eet que nous sommes en guerre<\/em>\u00a0porte la voix de ceux qui,<br \/>\ndans le chaos des prises de parole,<br \/>\nde conscience, de pouvoir, ne se sentent d\u2019aucun camp.<br \/>\nCeux qui cherchent leurs armes, dans ce nouveau champ de bataille.<br \/>\nLes d\u00e9munis. Les incr\u00e9dules. Les impatients.<br \/>\nCeux qui s&#8217;efforcent de penser, par-del\u00e0 l\u2019\u00e9motion, avec humilit\u00e9 et espoir.<\/p>\n","protected":false},"excerpt":{"rendered":"<p>Une lettre, un po\u00e8me, b\u00eate comme la peur Il para\u00eet que nous sommes en guerre\u00a0est n\u00e9 de l\u2019effroi. Du K.O. Du d\u00e9go\u00fbt provoqu\u00e9 par le 13 Novembre. C\u2019est une lettre. Simple et directe. Adress\u00e9e \u00e0 nos agresseurs. \u00c0 notre Histoire. \u00c0 notre Monde. C\u2019est un po\u00e8me. B\u00eate comme la peur. Qui tente de redonner \u00e0 [&hellip;]<\/p>\n","protected":false},"featured_media":4082,"template":"","meta":{"_acf_changed":false,"_exactmetrics_skip_tracking":false,"_exactmetrics_sitenote_active":false,"_exactmetrics_sitenote_note":"","_exactmetrics_sitenote_category":0},"product_cat":[97],"product_tag":[],"class_list":{"0":"post-2377","1":"product","2":"type-product","3":"status-publish","4":"has-post-thumbnail","6":"collection-chaos-en","7":"writer-pierre-terzian-en","8":"product_cat-uncategorized-en","10":"first","11":"instock","12":"shipping-taxable","13":"purchasable","14":"product-type-simple"},"acf":[],"yoast_head":"<!-- This site is optimized with the Yoast SEO plugin v23.5 - https:\/\/yoast.com\/wordpress\/plugins\/seo\/ -->\n<title>they say we are at war - sun\/sun<\/title>\n<meta name=\"robots\" content=\"index, follow, max-snippet:-1, max-image-preview:large, max-video-preview:-1\" \/>\n<link rel=\"canonical\" href=\"https:\/\/sunsun.fr\/en\/editions\/they-say-we-are-at-war\/\" \/>\n<meta property=\"og:locale\" content=\"en_US\" \/>\n<meta property=\"og:type\" content=\"article\" \/>\n<meta property=\"og:title\" content=\"they say we are at war - sun\/sun\" \/>\n<meta property=\"og:description\" content=\"Une lettre, un po\u00e8me, b\u00eate comme la peur Il para\u00eet que nous sommes en guerre\u00a0est n\u00e9 de l\u2019effroi. Du K.O. Du d\u00e9go\u00fbt provoqu\u00e9 par le 13 Novembre. C\u2019est une lettre. Simple et directe. Adress\u00e9e \u00e0 nos agresseurs. \u00c0 notre Histoire. \u00c0 notre Monde. C\u2019est un po\u00e8me. B\u00eate comme la peur. Qui tente de redonner \u00e0 [&hellip;]\" \/>\n<meta property=\"og:url\" content=\"https:\/\/sunsun.fr\/en\/editions\/they-say-we-are-at-war\/\" \/>\n<meta property=\"og:site_name\" content=\"sun\/sun\" \/>\n<meta property=\"article:publisher\" content=\"https:\/\/www.facebook.com\/icisunsun\" \/>\n<meta property=\"og:image\" content=\"https:\/\/sunsun.fr\/app\/uploads\/2018\/08\/06012017-2017_01_06_3372.jpg\" \/>\n\t<meta property=\"og:image:width\" content=\"1800\" \/>\n\t<meta property=\"og:image:height\" content=\"1200\" \/>\n\t<meta property=\"og:image:type\" content=\"image\/jpeg\" \/>\n<meta name=\"twitter:card\" content=\"summary_large_image\" \/>\n<meta name=\"twitter:label1\" content=\"Est. reading time\" \/>\n\t<meta name=\"twitter:data1\" content=\"1 minute\" \/>\n<script type=\"application\/ld+json\" class=\"yoast-schema-graph\">{\"@context\":\"https:\/\/schema.org\",\"@graph\":[{\"@type\":\"WebPage\",\"@id\":\"https:\/\/sunsun.fr\/en\/editions\/they-say-we-are-at-war\/\",\"url\":\"https:\/\/sunsun.fr\/en\/editions\/they-say-we-are-at-war\/\",\"name\":\"they say we are at war - sun\/sun\",\"isPartOf\":{\"@id\":\"https:\/\/dev.webxost.com\/sunsun2\/#website\"},\"primaryImageOfPage\":{\"@id\":\"https:\/\/sunsun.fr\/en\/editions\/they-say-we-are-at-war\/#primaryimage\"},\"image\":{\"@id\":\"https:\/\/sunsun.fr\/en\/editions\/they-say-we-are-at-war\/#primaryimage\"},\"thumbnailUrl\":\"https:\/\/sunsun.fr\/app\/uploads\/2016\/05\/sunsun_il-parait-que-nous.jpg\",\"datePublished\":\"2016-05-15T13:30:19+00:00\",\"dateModified\":\"2016-05-15T13:30:19+00:00\",\"breadcrumb\":{\"@id\":\"https:\/\/sunsun.fr\/en\/editions\/they-say-we-are-at-war\/#breadcrumb\"},\"inLanguage\":\"en-US\",\"potentialAction\":[{\"@type\":\"ReadAction\",\"target\":[\"https:\/\/sunsun.fr\/en\/editions\/they-say-we-are-at-war\/\"]}]},{\"@type\":\"ImageObject\",\"inLanguage\":\"en-US\",\"@id\":\"https:\/\/sunsun.fr\/en\/editions\/they-say-we-are-at-war\/#primaryimage\",\"url\":\"https:\/\/sunsun.fr\/app\/uploads\/2016\/05\/sunsun_il-parait-que-nous.jpg\",\"contentUrl\":\"https:\/\/sunsun.fr\/app\/uploads\/2016\/05\/sunsun_il-parait-que-nous.jpg\",\"width\":1200,\"height\":900},{\"@type\":\"BreadcrumbList\",\"@id\":\"https:\/\/sunsun.fr\/en\/editions\/they-say-we-are-at-war\/#breadcrumb\",\"itemListElement\":[{\"@type\":\"ListItem\",\"position\":1,\"name\":\"Home\",\"item\":\"https:\/\/sunsun.fr\/en\/\"},{\"@type\":\"ListItem\",\"position\":2,\"name\":\"\u00e9ditions\",\"item\":\"https:\/\/sunsun.fr\/en\/\"},{\"@type\":\"ListItem\",\"position\":3,\"name\":\"they say we are at war\"}]},{\"@type\":\"WebSite\",\"@id\":\"https:\/\/dev.webxost.com\/sunsun2\/#website\",\"url\":\"https:\/\/dev.webxost.com\/sunsun2\/\",\"name\":\"sun\/sun\",\"description\":\"label de cr\u00e9ation \u00e9ditoriale\",\"potentialAction\":[{\"@type\":\"SearchAction\",\"target\":{\"@type\":\"EntryPoint\",\"urlTemplate\":\"https:\/\/dev.webxost.com\/sunsun2\/?s={search_term_string}\"},\"query-input\":{\"@type\":\"PropertyValueSpecification\",\"valueRequired\":true,\"valueName\":\"search_term_string\"}}],\"inLanguage\":\"en-US\"}]}<\/script>\n<!-- \/ Yoast SEO plugin. -->","yoast_head_json":{"title":"they say we are at war - sun\/sun","robots":{"index":"index","follow":"follow","max-snippet":"max-snippet:-1","max-image-preview":"max-image-preview:large","max-video-preview":"max-video-preview:-1"},"canonical":"https:\/\/sunsun.fr\/en\/editions\/they-say-we-are-at-war\/","og_locale":"en_US","og_type":"article","og_title":"they say we are at war - sun\/sun","og_description":"Une lettre, un po\u00e8me, b\u00eate comme la peur Il para\u00eet que nous sommes en guerre\u00a0est n\u00e9 de l\u2019effroi. Du K.O. Du d\u00e9go\u00fbt provoqu\u00e9 par le 13 Novembre. C\u2019est une lettre. Simple et directe. Adress\u00e9e \u00e0 nos agresseurs. \u00c0 notre Histoire. \u00c0 notre Monde. C\u2019est un po\u00e8me. B\u00eate comme la peur. Qui tente de redonner \u00e0 [&hellip;]","og_url":"https:\/\/sunsun.fr\/en\/editions\/they-say-we-are-at-war\/","og_site_name":"sun\/sun","article_publisher":"https:\/\/www.facebook.com\/icisunsun","og_image":[{"width":1800,"height":1200,"url":"https:\/\/sunsun.fr\/app\/uploads\/2018\/08\/06012017-2017_01_06_3372.jpg","type":"image\/jpeg"}],"twitter_card":"summary_large_image","twitter_misc":{"Est. reading time":"1 minute"},"schema":{"@context":"https:\/\/schema.org","@graph":[{"@type":"WebPage","@id":"https:\/\/sunsun.fr\/en\/editions\/they-say-we-are-at-war\/","url":"https:\/\/sunsun.fr\/en\/editions\/they-say-we-are-at-war\/","name":"they say we are at war - sun\/sun","isPartOf":{"@id":"https:\/\/dev.webxost.com\/sunsun2\/#website"},"primaryImageOfPage":{"@id":"https:\/\/sunsun.fr\/en\/editions\/they-say-we-are-at-war\/#primaryimage"},"image":{"@id":"https:\/\/sunsun.fr\/en\/editions\/they-say-we-are-at-war\/#primaryimage"},"thumbnailUrl":"https:\/\/sunsun.fr\/app\/uploads\/2016\/05\/sunsun_il-parait-que-nous.jpg","datePublished":"2016-05-15T13:30:19+00:00","dateModified":"2016-05-15T13:30:19+00:00","breadcrumb":{"@id":"https:\/\/sunsun.fr\/en\/editions\/they-say-we-are-at-war\/#breadcrumb"},"inLanguage":"en-US","potentialAction":[{"@type":"ReadAction","target":["https:\/\/sunsun.fr\/en\/editions\/they-say-we-are-at-war\/"]}]},{"@type":"ImageObject","inLanguage":"en-US","@id":"https:\/\/sunsun.fr\/en\/editions\/they-say-we-are-at-war\/#primaryimage","url":"https:\/\/sunsun.fr\/app\/uploads\/2016\/05\/sunsun_il-parait-que-nous.jpg","contentUrl":"https:\/\/sunsun.fr\/app\/uploads\/2016\/05\/sunsun_il-parait-que-nous.jpg","width":1200,"height":900},{"@type":"BreadcrumbList","@id":"https:\/\/sunsun.fr\/en\/editions\/they-say-we-are-at-war\/#breadcrumb","itemListElement":[{"@type":"ListItem","position":1,"name":"Home","item":"https:\/\/sunsun.fr\/en\/"},{"@type":"ListItem","position":2,"name":"\u00e9ditions","item":"https:\/\/sunsun.fr\/en\/"},{"@type":"ListItem","position":3,"name":"they say we are at war"}]},{"@type":"WebSite","@id":"https:\/\/dev.webxost.com\/sunsun2\/#website","url":"https:\/\/dev.webxost.com\/sunsun2\/","name":"sun\/sun","description":"label de cr\u00e9ation \u00e9ditoriale","potentialAction":[{"@type":"SearchAction","target":{"@type":"EntryPoint","urlTemplate":"https:\/\/dev.webxost.com\/sunsun2\/?s={search_term_string}"},"query-input":{"@type":"PropertyValueSpecification","valueRequired":true,"valueName":"search_term_string"}}],"inLanguage":"en-US"}]}},"_links":{"self":[{"href":"https:\/\/sunsun.fr\/en\/wp-json\/wp\/v2\/product\/2377"}],"collection":[{"href":"https:\/\/sunsun.fr\/en\/wp-json\/wp\/v2\/product"}],"about":[{"href":"https:\/\/sunsun.fr\/en\/wp-json\/wp\/v2\/types\/product"}],"wp:featuredmedia":[{"embeddable":true,"href":"https:\/\/sunsun.fr\/en\/wp-json\/wp\/v2\/media\/4082"}],"wp:attachment":[{"href":"https:\/\/sunsun.fr\/en\/wp-json\/wp\/v2\/media?parent=2377"}],"wp:term":[{"taxonomy":"product_cat","embeddable":true,"href":"https:\/\/sunsun.fr\/en\/wp-json\/wp\/v2\/product_cat?post=2377"},{"taxonomy":"product_tag","embeddable":true,"href":"https:\/\/sunsun.fr\/en\/wp-json\/wp\/v2\/product_tag?post=2377"}],"curies":[{"name":"wp","href":"https:\/\/api.w.org\/{rel}","templated":true}]}}