{"id":2378,"date":"2015-11-14T10:59:52","date_gmt":"2015-11-14T09:59:52","guid":{"rendered":"https:\/\/sunsun.fr\/editions\/missing-signs-silk-screen-printing\/"},"modified":"2015-11-14T10:59:52","modified_gmt":"2015-11-14T09:59:52","slug":"missing-signs-silk-screen-printing","status":"publish","type":"product","link":"https:\/\/sunsun.fr\/en\/editions\/missing-signs-silk-screen-printing\/","title":{"rendered":"missing signs silk-screen printing"},"content":{"rendered":"<p>L\u2019\u00e9dition du jeu de cartes <em>des signes dont nous manquons<\/em>\u00a0de Laurie Bellanca a donn\u00e9 lieu \u00e0 l\u2019\u00e9dition de la s\u00e9rigraphie limit\u00e9e et num\u00e9rot\u00e9e sur \/50. Cette s\u00e9rigraphie reprend la carte du jeu de tarot &#8220;La Lune&#8221;. Le\u00a0<a href=\"http:\/\/www.atelierbriselames.fr\/\"><strong>Brise Lames<\/strong><\/a>, atelier de s\u00e9rigraphie bas\u00e9 \u00e0 S\u00e8te, a r\u00e9alis\u00e9 cette s\u00e9rigraphie.<\/p>\n","protected":false},"excerpt":{"rendered":"<p>L\u2019\u00e9dition du jeu de cartes des signes dont nous manquons\u00a0de Laurie Bellanca a donn\u00e9 lieu \u00e0 l\u2019\u00e9dition de la s\u00e9rigraphie limit\u00e9e et num\u00e9rot\u00e9e sur \/50. Cette s\u00e9rigraphie reprend la carte du jeu de tarot &#8220;La Lune&#8221;. Le\u00a0Brise Lames, atelier de s\u00e9rigraphie bas\u00e9 \u00e0 S\u00e8te, a r\u00e9alis\u00e9 cette s\u00e9rigraphie.<\/p>\n","protected":false},"featured_media":4108,"template":"","meta":{"_acf_changed":false,"_exactmetrics_skip_tracking":false,"_exactmetrics_sitenote_active":false,"_exactmetrics_sitenote_note":"","_exactmetrics_sitenote_category":0},"product_cat":[97],"product_tag":[],"class_list":{"0":"post-2378","1":"product","2":"type-product","3":"status-publish","4":"has-post-thumbnail","6":"collection-graphic-object","7":"writer-laurie-bellanca-en","8":"product_cat-uncategorized-en","10":"first","11":"instock","12":"shipping-taxable","13":"purchasable","14":"product-type-simple"},"acf":[],"yoast_head":"<!-- This site is optimized with the Yoast SEO plugin v23.5 - https:\/\/yoast.com\/wordpress\/plugins\/seo\/ -->\n<title>missing signs silk-screen printing - sun\/sun<\/title>\n<meta name=\"robots\" content=\"index, follow, max-snippet:-1, max-image-preview:large, max-video-preview:-1\" \/>\n<link rel=\"canonical\" href=\"https:\/\/sunsun.fr\/en\/editions\/missing-signs-silk-screen-printing\/\" \/>\n<meta property=\"og:locale\" content=\"en_US\" \/>\n<meta property=\"og:type\" content=\"article\" \/>\n<meta property=\"og:title\" content=\"missing signs silk-screen printing - sun\/sun\" \/>\n<meta property=\"og:description\" content=\"L\u2019\u00e9dition du jeu de cartes des signes dont nous manquons\u00a0de Laurie Bellanca a donn\u00e9 lieu \u00e0 l\u2019\u00e9dition de la s\u00e9rigraphie limit\u00e9e et num\u00e9rot\u00e9e sur \/50. Cette s\u00e9rigraphie reprend la carte du jeu de tarot &#8220;La Lune&#8221;. Le\u00a0Brise Lames, atelier de s\u00e9rigraphie bas\u00e9 \u00e0 S\u00e8te, a r\u00e9alis\u00e9 cette s\u00e9rigraphie.\" \/>\n<meta property=\"og:url\" content=\"https:\/\/sunsun.fr\/en\/editions\/missing-signs-silk-screen-printing\/\" \/>\n<meta property=\"og:site_name\" content=\"sun\/sun\" \/>\n<meta property=\"article:publisher\" content=\"https:\/\/www.facebook.com\/icisunsun\" \/>\n<meta name=\"twitter:card\" content=\"summary_large_image\" \/>\n<script type=\"application\/ld+json\" class=\"yoast-schema-graph\">{\"@context\":\"https:\/\/schema.org\",\"@graph\":[{\"@type\":\"WebPage\",\"@id\":\"https:\/\/sunsun.fr\/en\/editions\/missing-signs-silk-screen-printing\/\",\"url\":\"https:\/\/sunsun.fr\/en\/editions\/missing-signs-silk-screen-printing\/\",\"name\":\"missing signs silk-screen printing - sun\/sun\",\"isPartOf\":{\"@id\":\"https:\/\/dev.webxost.com\/sunsun2\/#website\"},\"primaryImageOfPage\":{\"@id\":\"https:\/\/sunsun.fr\/en\/editions\/missing-signs-silk-screen-printing\/#primaryimage\"},\"image\":{\"@id\":\"https:\/\/sunsun.fr\/en\/editions\/missing-signs-silk-screen-printing\/#primaryimage\"},\"thumbnailUrl\":\"https:\/\/sunsun.fr\/app\/uploads\/2015\/11\/sunsun_des-signes-dont-nous_SILKSCREEN.jpg\",\"datePublished\":\"2015-11-14T09:59:52+00:00\",\"dateModified\":\"2015-11-14T09:59:52+00:00\",\"breadcrumb\":{\"@id\":\"https:\/\/sunsun.fr\/en\/editions\/missing-signs-silk-screen-printing\/#breadcrumb\"},\"inLanguage\":\"en-US\",\"potentialAction\":[{\"@type\":\"ReadAction\",\"target\":[\"https:\/\/sunsun.fr\/en\/editions\/missing-signs-silk-screen-printing\/\"]}]},{\"@type\":\"ImageObject\",\"inLanguage\":\"en-US\",\"@id\":\"https:\/\/sunsun.fr\/en\/editions\/missing-signs-silk-screen-printing\/#primaryimage\",\"url\":\"https:\/\/sunsun.fr\/app\/uploads\/2015\/11\/sunsun_des-signes-dont-nous_SILKSCREEN.jpg\",\"contentUrl\":\"https:\/\/sunsun.fr\/app\/uploads\/2015\/11\/sunsun_des-signes-dont-nous_SILKSCREEN.jpg\",\"width\":1200,\"height\":900},{\"@type\":\"BreadcrumbList\",\"@id\":\"https:\/\/sunsun.fr\/en\/editions\/missing-signs-silk-screen-printing\/#breadcrumb\",\"itemListElement\":[{\"@type\":\"ListItem\",\"position\":1,\"name\":\"Home\",\"item\":\"https:\/\/sunsun.fr\/en\/\"},{\"@type\":\"ListItem\",\"position\":2,\"name\":\"\u00e9ditions\",\"item\":\"https:\/\/sunsun.fr\/en\/\"},{\"@type\":\"ListItem\",\"position\":3,\"name\":\"missing signs silk-screen printing\"}]},{\"@type\":\"WebSite\",\"@id\":\"https:\/\/dev.webxost.com\/sunsun2\/#website\",\"url\":\"https:\/\/dev.webxost.com\/sunsun2\/\",\"name\":\"sun\/sun\",\"description\":\"label de cr\u00e9ation \u00e9ditoriale\",\"potentialAction\":[{\"@type\":\"SearchAction\",\"target\":{\"@type\":\"EntryPoint\",\"urlTemplate\":\"https:\/\/dev.webxost.com\/sunsun2\/?s={search_term_string}\"},\"query-input\":{\"@type\":\"PropertyValueSpecification\",\"valueRequired\":true,\"valueName\":\"search_term_string\"}}],\"inLanguage\":\"en-US\"}]}<\/script>\n<!-- \/ Yoast SEO plugin. -->","yoast_head_json":{"title":"missing signs silk-screen printing - sun\/sun","robots":{"index":"index","follow":"follow","max-snippet":"max-snippet:-1","max-image-preview":"max-image-preview:large","max-video-preview":"max-video-preview:-1"},"canonical":"https:\/\/sunsun.fr\/en\/editions\/missing-signs-silk-screen-printing\/","og_locale":"en_US","og_type":"article","og_title":"missing signs silk-screen printing - sun\/sun","og_description":"L\u2019\u00e9dition du jeu de cartes des signes dont nous manquons\u00a0de Laurie Bellanca a donn\u00e9 lieu \u00e0 l\u2019\u00e9dition de la s\u00e9rigraphie limit\u00e9e et num\u00e9rot\u00e9e sur \/50. Cette s\u00e9rigraphie reprend la carte du jeu de tarot &#8220;La Lune&#8221;. Le\u00a0Brise Lames, atelier de s\u00e9rigraphie bas\u00e9 \u00e0 S\u00e8te, a r\u00e9alis\u00e9 cette s\u00e9rigraphie.","og_url":"https:\/\/sunsun.fr\/en\/editions\/missing-signs-silk-screen-printing\/","og_site_name":"sun\/sun","article_publisher":"https:\/\/www.facebook.com\/icisunsun","twitter_card":"summary_large_image","schema":{"@context":"https:\/\/schema.org","@graph":[{"@type":"WebPage","@id":"https:\/\/sunsun.fr\/en\/editions\/missing-signs-silk-screen-printing\/","url":"https:\/\/sunsun.fr\/en\/editions\/missing-signs-silk-screen-printing\/","name":"missing signs silk-screen printing - sun\/sun","isPartOf":{"@id":"https:\/\/dev.webxost.com\/sunsun2\/#website"},"primaryImageOfPage":{"@id":"https:\/\/sunsun.fr\/en\/editions\/missing-signs-silk-screen-printing\/#primaryimage"},"image":{"@id":"https:\/\/sunsun.fr\/en\/editions\/missing-signs-silk-screen-printing\/#primaryimage"},"thumbnailUrl":"https:\/\/sunsun.fr\/app\/uploads\/2015\/11\/sunsun_des-signes-dont-nous_SILKSCREEN.jpg","datePublished":"2015-11-14T09:59:52+00:00","dateModified":"2015-11-14T09:59:52+00:00","breadcrumb":{"@id":"https:\/\/sunsun.fr\/en\/editions\/missing-signs-silk-screen-printing\/#breadcrumb"},"inLanguage":"en-US","potentialAction":[{"@type":"ReadAction","target":["https:\/\/sunsun.fr\/en\/editions\/missing-signs-silk-screen-printing\/"]}]},{"@type":"ImageObject","inLanguage":"en-US","@id":"https:\/\/sunsun.fr\/en\/editions\/missing-signs-silk-screen-printing\/#primaryimage","url":"https:\/\/sunsun.fr\/app\/uploads\/2015\/11\/sunsun_des-signes-dont-nous_SILKSCREEN.jpg","contentUrl":"https:\/\/sunsun.fr\/app\/uploads\/2015\/11\/sunsun_des-signes-dont-nous_SILKSCREEN.jpg","width":1200,"height":900},{"@type":"BreadcrumbList","@id":"https:\/\/sunsun.fr\/en\/editions\/missing-signs-silk-screen-printing\/#breadcrumb","itemListElement":[{"@type":"ListItem","position":1,"name":"Home","item":"https:\/\/sunsun.fr\/en\/"},{"@type":"ListItem","position":2,"name":"\u00e9ditions","item":"https:\/\/sunsun.fr\/en\/"},{"@type":"ListItem","position":3,"name":"missing signs silk-screen printing"}]},{"@type":"WebSite","@id":"https:\/\/dev.webxost.com\/sunsun2\/#website","url":"https:\/\/dev.webxost.com\/sunsun2\/","name":"sun\/sun","description":"label de cr\u00e9ation \u00e9ditoriale","potentialAction":[{"@type":"SearchAction","target":{"@type":"EntryPoint","urlTemplate":"https:\/\/dev.webxost.com\/sunsun2\/?s={search_term_string}"},"query-input":{"@type":"PropertyValueSpecification","valueRequired":true,"valueName":"search_term_string"}}],"inLanguage":"en-US"}]}},"_links":{"self":[{"href":"https:\/\/sunsun.fr\/en\/wp-json\/wp\/v2\/product\/2378"}],"collection":[{"href":"https:\/\/sunsun.fr\/en\/wp-json\/wp\/v2\/product"}],"about":[{"href":"https:\/\/sunsun.fr\/en\/wp-json\/wp\/v2\/types\/product"}],"wp:featuredmedia":[{"embeddable":true,"href":"https:\/\/sunsun.fr\/en\/wp-json\/wp\/v2\/media\/4108"}],"wp:attachment":[{"href":"https:\/\/sunsun.fr\/en\/wp-json\/wp\/v2\/media?parent=2378"}],"wp:term":[{"taxonomy":"product_cat","embeddable":true,"href":"https:\/\/sunsun.fr\/en\/wp-json\/wp\/v2\/product_cat?post=2378"},{"taxonomy":"product_tag","embeddable":true,"href":"https:\/\/sunsun.fr\/en\/wp-json\/wp\/v2\/product_tag?post=2378"}],"curies":[{"name":"wp","href":"https:\/\/api.w.org\/{rel}","templated":true}]}}