{"id":2379,"date":"2017-11-15T14:24:19","date_gmt":"2017-11-15T13:24:19","guid":{"rendered":"https:\/\/sunsun.fr\/editions\/despite-the-hills\/"},"modified":"2017-11-15T14:24:19","modified_gmt":"2017-11-15T13:24:19","slug":"despite-the-hills","status":"publish","type":"product","link":"https:\/\/sunsun.fr\/en\/editions\/despite-the-hills\/","title":{"rendered":"Despite the hills"},"content":{"rendered":"<p><em>&#8211; \u00e9garements cartographiques dont vous \u00eates le h\u00e9ros &#8211;<\/em><br \/>\nd\u2019apr\u00e8s Terra Incognita, une installation interactive de Pauline Delwaulle<\/p>\n<p><em>\u201c Dans le grand cercle vicieux du monde, quand on craignait d\u2019avoir pass\u00e9 sa vie \u00e0 tourner en rond, en orbite autour de l\u2019ab\u00eeme, il suffisait de prendre un peu de recul pour comprendre que ces r\u00e9volutions formaient des spirales et qu\u2019\u00e0 force, on avait fini par \u00e9largir les limites de sa conscience. S\u2019il en va de m\u00eame pour chacun, on serait tent\u00e9 de croire qu\u2019il s\u2019agit de la raison pour laquelle l\u2019Univers invariablement, demeure en expansion. \u201d<\/em><\/p>\n<p><em>Malgr\u00e9 les collines<\/em>, dont la structure narrative se fonde sur le principe du livre dont vous \u00eates le h\u00e9ros, prend racine dans les toponymes issus de l\u2019installation\u00a0<a class=\"style_1\" title=\"http:\/\/cargocollective.com\/paulinedelwaulle\/Terra-Incognita\" href=\"https:\/\/t.umblr.com\/redirect?z=http%3A%2F%2Fcargocollective.com%2Fpaulinedelwaulle%2FTerra-Incognita&amp;t=OGE5NzZkOGI2YTU4ODI2YzFiMzUwNDNjZDE3MmFiYzRlODU0N2Y3ZixUbU4zdWpESg%3D%3D&amp;p=&amp;m=0\">Terra Incognita<\/a>\u00a0: une mappemonde interactive, d\u00e9pouill\u00e9e de toute trace d\u2019Histoire, o\u00f9 ne demeurent que les noms de lieux qui t\u00e9moignent du paysage, traduits automatiquement en langue fran\u00e7aise, proposant ainsi une vision purement po\u00e9tique et d\u00e9cal\u00e9e du monde \u2013 un planisph\u00e8re invitant \u00e0 l\u2019exploration, mais qui ne m\u00e8ne nulle part.<\/p>\n","protected":false},"excerpt":{"rendered":"<p>&#8211; \u00e9garements cartographiques dont vous \u00eates le h\u00e9ros &#8211; d\u2019apr\u00e8s Terra Incognita, une installation interactive de Pauline Delwaulle \u201c Dans le grand cercle vicieux du monde, quand on craignait d\u2019avoir pass\u00e9 sa vie \u00e0 tourner en rond, en orbite autour de l\u2019ab\u00eeme, il suffisait de prendre un peu de recul pour comprendre que ces r\u00e9volutions [&hellip;]<\/p>\n","protected":false},"featured_media":4080,"template":"","meta":{"_acf_changed":false,"_exactmetrics_skip_tracking":false,"_exactmetrics_sitenote_active":false,"_exactmetrics_sitenote_note":"","_exactmetrics_sitenote_category":0},"product_cat":[97],"product_tag":[],"class_list":{"0":"post-2379","1":"product","2":"type-product","3":"status-publish","4":"has-post-thumbnail","6":"collection-graphic-object","7":"collection-les-immateriels-en","8":"writer-veronique-beland-en","9":"product_cat-uncategorized-en","11":"first","12":"instock","13":"shipping-taxable","14":"purchasable","15":"product-type-simple"},"acf":[],"yoast_head":"<!-- This site is optimized with the Yoast SEO plugin v23.5 - https:\/\/yoast.com\/wordpress\/plugins\/seo\/ -->\n<title>Despite the hills - sun\/sun<\/title>\n<meta name=\"robots\" content=\"index, follow, max-snippet:-1, max-image-preview:large, max-video-preview:-1\" \/>\n<link rel=\"canonical\" href=\"https:\/\/sunsun.fr\/en\/editions\/despite-the-hills\/\" \/>\n<meta property=\"og:locale\" content=\"en_US\" \/>\n<meta property=\"og:type\" content=\"article\" \/>\n<meta property=\"og:title\" content=\"Despite the hills - sun\/sun\" \/>\n<meta property=\"og:description\" content=\"&#8211; \u00e9garements cartographiques dont vous \u00eates le h\u00e9ros &#8211; d\u2019apr\u00e8s Terra Incognita, une installation interactive de Pauline Delwaulle \u201c Dans le grand cercle vicieux du monde, quand on craignait d\u2019avoir pass\u00e9 sa vie \u00e0 tourner en rond, en orbite autour de l\u2019ab\u00eeme, il suffisait de prendre un peu de recul pour comprendre que ces r\u00e9volutions [&hellip;]\" \/>\n<meta property=\"og:url\" content=\"https:\/\/sunsun.fr\/en\/editions\/despite-the-hills\/\" \/>\n<meta property=\"og:site_name\" content=\"sun\/sun\" \/>\n<meta property=\"article:publisher\" content=\"https:\/\/www.facebook.com\/icisunsun\" \/>\n<meta property=\"og:image\" content=\"https:\/\/sunsun.fr\/app\/uploads\/2018\/08\/MalgreLesCollines_Visuel_PreLancement.jpg\" \/>\n\t<meta property=\"og:image:width\" content=\"2231\" \/>\n\t<meta property=\"og:image:height\" content=\"1800\" \/>\n\t<meta property=\"og:image:type\" content=\"image\/jpeg\" \/>\n<meta name=\"twitter:card\" content=\"summary_large_image\" \/>\n<meta name=\"twitter:label1\" content=\"Est. reading time\" \/>\n\t<meta name=\"twitter:data1\" content=\"1 minute\" \/>\n<script type=\"application\/ld+json\" class=\"yoast-schema-graph\">{\"@context\":\"https:\/\/schema.org\",\"@graph\":[{\"@type\":\"WebPage\",\"@id\":\"https:\/\/sunsun.fr\/en\/editions\/despite-the-hills\/\",\"url\":\"https:\/\/sunsun.fr\/en\/editions\/despite-the-hills\/\",\"name\":\"Despite the hills - sun\/sun\",\"isPartOf\":{\"@id\":\"https:\/\/dev.webxost.com\/sunsun2\/#website\"},\"primaryImageOfPage\":{\"@id\":\"https:\/\/sunsun.fr\/en\/editions\/despite-the-hills\/#primaryimage\"},\"image\":{\"@id\":\"https:\/\/sunsun.fr\/en\/editions\/despite-the-hills\/#primaryimage\"},\"thumbnailUrl\":\"https:\/\/sunsun.fr\/app\/uploads\/2017\/11\/sunsun_malgre_les_collines.jpg\",\"datePublished\":\"2017-11-15T13:24:19+00:00\",\"dateModified\":\"2017-11-15T13:24:19+00:00\",\"breadcrumb\":{\"@id\":\"https:\/\/sunsun.fr\/en\/editions\/despite-the-hills\/#breadcrumb\"},\"inLanguage\":\"en-US\",\"potentialAction\":[{\"@type\":\"ReadAction\",\"target\":[\"https:\/\/sunsun.fr\/en\/editions\/despite-the-hills\/\"]}]},{\"@type\":\"ImageObject\",\"inLanguage\":\"en-US\",\"@id\":\"https:\/\/sunsun.fr\/en\/editions\/despite-the-hills\/#primaryimage\",\"url\":\"https:\/\/sunsun.fr\/app\/uploads\/2017\/11\/sunsun_malgre_les_collines.jpg\",\"contentUrl\":\"https:\/\/sunsun.fr\/app\/uploads\/2017\/11\/sunsun_malgre_les_collines.jpg\",\"width\":1200,\"height\":900},{\"@type\":\"BreadcrumbList\",\"@id\":\"https:\/\/sunsun.fr\/en\/editions\/despite-the-hills\/#breadcrumb\",\"itemListElement\":[{\"@type\":\"ListItem\",\"position\":1,\"name\":\"Home\",\"item\":\"https:\/\/sunsun.fr\/en\/\"},{\"@type\":\"ListItem\",\"position\":2,\"name\":\"\u00e9ditions\",\"item\":\"https:\/\/sunsun.fr\/en\/\"},{\"@type\":\"ListItem\",\"position\":3,\"name\":\"Despite the hills\"}]},{\"@type\":\"WebSite\",\"@id\":\"https:\/\/dev.webxost.com\/sunsun2\/#website\",\"url\":\"https:\/\/dev.webxost.com\/sunsun2\/\",\"name\":\"sun\/sun\",\"description\":\"label de cr\u00e9ation \u00e9ditoriale\",\"potentialAction\":[{\"@type\":\"SearchAction\",\"target\":{\"@type\":\"EntryPoint\",\"urlTemplate\":\"https:\/\/dev.webxost.com\/sunsun2\/?s={search_term_string}\"},\"query-input\":{\"@type\":\"PropertyValueSpecification\",\"valueRequired\":true,\"valueName\":\"search_term_string\"}}],\"inLanguage\":\"en-US\"}]}<\/script>\n<!-- \/ Yoast SEO plugin. -->","yoast_head_json":{"title":"Despite the hills - sun\/sun","robots":{"index":"index","follow":"follow","max-snippet":"max-snippet:-1","max-image-preview":"max-image-preview:large","max-video-preview":"max-video-preview:-1"},"canonical":"https:\/\/sunsun.fr\/en\/editions\/despite-the-hills\/","og_locale":"en_US","og_type":"article","og_title":"Despite the hills - sun\/sun","og_description":"&#8211; \u00e9garements cartographiques dont vous \u00eates le h\u00e9ros &#8211; d\u2019apr\u00e8s Terra Incognita, une installation interactive de Pauline Delwaulle \u201c Dans le grand cercle vicieux du monde, quand on craignait d\u2019avoir pass\u00e9 sa vie \u00e0 tourner en rond, en orbite autour de l\u2019ab\u00eeme, il suffisait de prendre un peu de recul pour comprendre que ces r\u00e9volutions [&hellip;]","og_url":"https:\/\/sunsun.fr\/en\/editions\/despite-the-hills\/","og_site_name":"sun\/sun","article_publisher":"https:\/\/www.facebook.com\/icisunsun","og_image":[{"width":2231,"height":1800,"url":"https:\/\/sunsun.fr\/app\/uploads\/2018\/08\/MalgreLesCollines_Visuel_PreLancement.jpg","type":"image\/jpeg"}],"twitter_card":"summary_large_image","twitter_misc":{"Est. reading time":"1 minute"},"schema":{"@context":"https:\/\/schema.org","@graph":[{"@type":"WebPage","@id":"https:\/\/sunsun.fr\/en\/editions\/despite-the-hills\/","url":"https:\/\/sunsun.fr\/en\/editions\/despite-the-hills\/","name":"Despite the hills - sun\/sun","isPartOf":{"@id":"https:\/\/dev.webxost.com\/sunsun2\/#website"},"primaryImageOfPage":{"@id":"https:\/\/sunsun.fr\/en\/editions\/despite-the-hills\/#primaryimage"},"image":{"@id":"https:\/\/sunsun.fr\/en\/editions\/despite-the-hills\/#primaryimage"},"thumbnailUrl":"https:\/\/sunsun.fr\/app\/uploads\/2017\/11\/sunsun_malgre_les_collines.jpg","datePublished":"2017-11-15T13:24:19+00:00","dateModified":"2017-11-15T13:24:19+00:00","breadcrumb":{"@id":"https:\/\/sunsun.fr\/en\/editions\/despite-the-hills\/#breadcrumb"},"inLanguage":"en-US","potentialAction":[{"@type":"ReadAction","target":["https:\/\/sunsun.fr\/en\/editions\/despite-the-hills\/"]}]},{"@type":"ImageObject","inLanguage":"en-US","@id":"https:\/\/sunsun.fr\/en\/editions\/despite-the-hills\/#primaryimage","url":"https:\/\/sunsun.fr\/app\/uploads\/2017\/11\/sunsun_malgre_les_collines.jpg","contentUrl":"https:\/\/sunsun.fr\/app\/uploads\/2017\/11\/sunsun_malgre_les_collines.jpg","width":1200,"height":900},{"@type":"BreadcrumbList","@id":"https:\/\/sunsun.fr\/en\/editions\/despite-the-hills\/#breadcrumb","itemListElement":[{"@type":"ListItem","position":1,"name":"Home","item":"https:\/\/sunsun.fr\/en\/"},{"@type":"ListItem","position":2,"name":"\u00e9ditions","item":"https:\/\/sunsun.fr\/en\/"},{"@type":"ListItem","position":3,"name":"Despite the hills"}]},{"@type":"WebSite","@id":"https:\/\/dev.webxost.com\/sunsun2\/#website","url":"https:\/\/dev.webxost.com\/sunsun2\/","name":"sun\/sun","description":"label de cr\u00e9ation \u00e9ditoriale","potentialAction":[{"@type":"SearchAction","target":{"@type":"EntryPoint","urlTemplate":"https:\/\/dev.webxost.com\/sunsun2\/?s={search_term_string}"},"query-input":{"@type":"PropertyValueSpecification","valueRequired":true,"valueName":"search_term_string"}}],"inLanguage":"en-US"}]}},"_links":{"self":[{"href":"https:\/\/sunsun.fr\/en\/wp-json\/wp\/v2\/product\/2379"}],"collection":[{"href":"https:\/\/sunsun.fr\/en\/wp-json\/wp\/v2\/product"}],"about":[{"href":"https:\/\/sunsun.fr\/en\/wp-json\/wp\/v2\/types\/product"}],"wp:featuredmedia":[{"embeddable":true,"href":"https:\/\/sunsun.fr\/en\/wp-json\/wp\/v2\/media\/4080"}],"wp:attachment":[{"href":"https:\/\/sunsun.fr\/en\/wp-json\/wp\/v2\/media?parent=2379"}],"wp:term":[{"taxonomy":"product_cat","embeddable":true,"href":"https:\/\/sunsun.fr\/en\/wp-json\/wp\/v2\/product_cat?post=2379"},{"taxonomy":"product_tag","embeddable":true,"href":"https:\/\/sunsun.fr\/en\/wp-json\/wp\/v2\/product_tag?post=2379"}],"curies":[{"name":"wp","href":"https:\/\/api.w.org\/{rel}","templated":true}]}}