{"id":2381,"date":"2016-12-19T02:34:26","date_gmt":"2016-12-19T01:34:26","guid":{"rendered":"https:\/\/sunsun.fr\/editions\/president-hotel-limited-edition\/"},"modified":"2016-12-19T02:34:26","modified_gmt":"2016-12-19T01:34:26","slug":"president-hotel-limited-edition","status":"publish","type":"product","link":"https:\/\/sunsun.fr\/en\/editions\/president-hotel-limited-edition\/","title":{"rendered":"President Hotel (limited edition)"},"content":{"rendered":"<p>\u00e9dition limit\u00e9e \u00e0 20 exemplaires num\u00e9rot\u00e9s et sign\u00e9s, accompagn\u00e9s d&#8217;un tirage et ins\u00e9r\u00e9s dans un fourreau. r\u00e9alis\u00e9e manuellement par L&#8217;Atelier graphique \/\u00a0<strong><a href=\"https:\/\/lateliergraphique.be\/\">David Cauw<\/a>e, <\/strong>la reliure copte avec motifs en colonnes rappelle l&#8217;architecture du President Hotel.<\/p>\n<p>&nbsp;<\/p>\n","protected":false},"excerpt":{"rendered":"<p>\u00e9dition limit\u00e9e \u00e0 20 exemplaires num\u00e9rot\u00e9s et sign\u00e9s, accompagn\u00e9s d&#8217;un tirage et ins\u00e9r\u00e9s dans un fourreau. r\u00e9alis\u00e9e manuellement par L&#8217;Atelier graphique \/\u00a0David Cauwe, la reliure copte avec motifs en colonnes rappelle l&#8217;architecture du President Hotel. &nbsp;<\/p>\n","protected":false},"featured_media":4078,"template":"","meta":{"_acf_changed":false,"_exactmetrics_skip_tracking":false,"_exactmetrics_sitenote_active":false,"_exactmetrics_sitenote_note":"","_exactmetrics_sitenote_category":0},"product_cat":[97],"product_tag":[],"class_list":{"0":"post-2381","1":"product","2":"type-product","3":"status-publish","4":"has-post-thumbnail","6":"collection-livre-photographique-en","7":"writer-laurent-weyl-en","8":"product_cat-uncategorized-en","10":"first","11":"outofstock","12":"shipping-taxable","13":"purchasable","14":"product-type-simple"},"acf":[],"yoast_head":"<!-- This site is optimized with the Yoast SEO plugin v23.5 - https:\/\/yoast.com\/wordpress\/plugins\/seo\/ -->\n<title>President Hotel (limited edition) - sun\/sun<\/title>\n<meta name=\"robots\" content=\"index, follow, max-snippet:-1, max-image-preview:large, max-video-preview:-1\" \/>\n<link rel=\"canonical\" href=\"https:\/\/sunsun.fr\/en\/editions\/president-hotel-limited-edition\/\" \/>\n<meta property=\"og:locale\" content=\"en_US\" \/>\n<meta property=\"og:type\" content=\"article\" \/>\n<meta property=\"og:title\" content=\"President Hotel (limited edition) - sun\/sun\" \/>\n<meta property=\"og:description\" content=\"\u00e9dition limit\u00e9e \u00e0 20 exemplaires num\u00e9rot\u00e9s et sign\u00e9s, accompagn\u00e9s d&#8217;un tirage et ins\u00e9r\u00e9s dans un fourreau. r\u00e9alis\u00e9e manuellement par L&#8217;Atelier graphique \/\u00a0David Cauwe, la reliure copte avec motifs en colonnes rappelle l&#8217;architecture du President Hotel. &nbsp;\" \/>\n<meta property=\"og:url\" content=\"https:\/\/sunsun.fr\/en\/editions\/president-hotel-limited-edition\/\" \/>\n<meta property=\"og:site_name\" content=\"sun\/sun\" \/>\n<meta property=\"article:publisher\" content=\"https:\/\/www.facebook.com\/icisunsun\" \/>\n<meta property=\"og:image\" content=\"https:\/\/sunsun.fr\/app\/uploads\/2016\/12\/sunsun_president-hotel_special.jpg\" \/>\n\t<meta property=\"og:image:width\" content=\"1200\" \/>\n\t<meta property=\"og:image:height\" content=\"900\" \/>\n\t<meta property=\"og:image:type\" content=\"image\/jpeg\" \/>\n<meta name=\"twitter:card\" content=\"summary_large_image\" \/>\n<script type=\"application\/ld+json\" class=\"yoast-schema-graph\">{\"@context\":\"https:\/\/schema.org\",\"@graph\":[{\"@type\":\"WebPage\",\"@id\":\"https:\/\/sunsun.fr\/en\/editions\/president-hotel-limited-edition\/\",\"url\":\"https:\/\/sunsun.fr\/en\/editions\/president-hotel-limited-edition\/\",\"name\":\"President Hotel (limited edition) - sun\/sun\",\"isPartOf\":{\"@id\":\"https:\/\/dev.webxost.com\/sunsun2\/#website\"},\"primaryImageOfPage\":{\"@id\":\"https:\/\/sunsun.fr\/en\/editions\/president-hotel-limited-edition\/#primaryimage\"},\"image\":{\"@id\":\"https:\/\/sunsun.fr\/en\/editions\/president-hotel-limited-edition\/#primaryimage\"},\"thumbnailUrl\":\"https:\/\/sunsun.fr\/app\/uploads\/2016\/12\/sunsun_president-hotel_special.jpg\",\"datePublished\":\"2016-12-19T01:34:26+00:00\",\"dateModified\":\"2016-12-19T01:34:26+00:00\",\"breadcrumb\":{\"@id\":\"https:\/\/sunsun.fr\/en\/editions\/president-hotel-limited-edition\/#breadcrumb\"},\"inLanguage\":\"en-US\",\"potentialAction\":[{\"@type\":\"ReadAction\",\"target\":[\"https:\/\/sunsun.fr\/en\/editions\/president-hotel-limited-edition\/\"]}]},{\"@type\":\"ImageObject\",\"inLanguage\":\"en-US\",\"@id\":\"https:\/\/sunsun.fr\/en\/editions\/president-hotel-limited-edition\/#primaryimage\",\"url\":\"https:\/\/sunsun.fr\/app\/uploads\/2016\/12\/sunsun_president-hotel_special.jpg\",\"contentUrl\":\"https:\/\/sunsun.fr\/app\/uploads\/2016\/12\/sunsun_president-hotel_special.jpg\",\"width\":1200,\"height\":900},{\"@type\":\"BreadcrumbList\",\"@id\":\"https:\/\/sunsun.fr\/en\/editions\/president-hotel-limited-edition\/#breadcrumb\",\"itemListElement\":[{\"@type\":\"ListItem\",\"position\":1,\"name\":\"Home\",\"item\":\"https:\/\/sunsun.fr\/en\/\"},{\"@type\":\"ListItem\",\"position\":2,\"name\":\"\u00e9ditions\",\"item\":\"https:\/\/sunsun.fr\/en\/\"},{\"@type\":\"ListItem\",\"position\":3,\"name\":\"President Hotel (limited edition)\"}]},{\"@type\":\"WebSite\",\"@id\":\"https:\/\/dev.webxost.com\/sunsun2\/#website\",\"url\":\"https:\/\/dev.webxost.com\/sunsun2\/\",\"name\":\"sun\/sun\",\"description\":\"label de cr\u00e9ation \u00e9ditoriale\",\"potentialAction\":[{\"@type\":\"SearchAction\",\"target\":{\"@type\":\"EntryPoint\",\"urlTemplate\":\"https:\/\/dev.webxost.com\/sunsun2\/?s={search_term_string}\"},\"query-input\":{\"@type\":\"PropertyValueSpecification\",\"valueRequired\":true,\"valueName\":\"search_term_string\"}}],\"inLanguage\":\"en-US\"}]}<\/script>\n<!-- \/ Yoast SEO plugin. -->","yoast_head_json":{"title":"President Hotel (limited edition) - sun\/sun","robots":{"index":"index","follow":"follow","max-snippet":"max-snippet:-1","max-image-preview":"max-image-preview:large","max-video-preview":"max-video-preview:-1"},"canonical":"https:\/\/sunsun.fr\/en\/editions\/president-hotel-limited-edition\/","og_locale":"en_US","og_type":"article","og_title":"President Hotel (limited edition) - sun\/sun","og_description":"\u00e9dition limit\u00e9e \u00e0 20 exemplaires num\u00e9rot\u00e9s et sign\u00e9s, accompagn\u00e9s d&#8217;un tirage et ins\u00e9r\u00e9s dans un fourreau. r\u00e9alis\u00e9e manuellement par L&#8217;Atelier graphique \/\u00a0David Cauwe, la reliure copte avec motifs en colonnes rappelle l&#8217;architecture du President Hotel. &nbsp;","og_url":"https:\/\/sunsun.fr\/en\/editions\/president-hotel-limited-edition\/","og_site_name":"sun\/sun","article_publisher":"https:\/\/www.facebook.com\/icisunsun","og_image":[{"width":1200,"height":900,"url":"https:\/\/sunsun.fr\/app\/uploads\/2016\/12\/sunsun_president-hotel_special.jpg","type":"image\/jpeg"}],"twitter_card":"summary_large_image","schema":{"@context":"https:\/\/schema.org","@graph":[{"@type":"WebPage","@id":"https:\/\/sunsun.fr\/en\/editions\/president-hotel-limited-edition\/","url":"https:\/\/sunsun.fr\/en\/editions\/president-hotel-limited-edition\/","name":"President Hotel (limited edition) - sun\/sun","isPartOf":{"@id":"https:\/\/dev.webxost.com\/sunsun2\/#website"},"primaryImageOfPage":{"@id":"https:\/\/sunsun.fr\/en\/editions\/president-hotel-limited-edition\/#primaryimage"},"image":{"@id":"https:\/\/sunsun.fr\/en\/editions\/president-hotel-limited-edition\/#primaryimage"},"thumbnailUrl":"https:\/\/sunsun.fr\/app\/uploads\/2016\/12\/sunsun_president-hotel_special.jpg","datePublished":"2016-12-19T01:34:26+00:00","dateModified":"2016-12-19T01:34:26+00:00","breadcrumb":{"@id":"https:\/\/sunsun.fr\/en\/editions\/president-hotel-limited-edition\/#breadcrumb"},"inLanguage":"en-US","potentialAction":[{"@type":"ReadAction","target":["https:\/\/sunsun.fr\/en\/editions\/president-hotel-limited-edition\/"]}]},{"@type":"ImageObject","inLanguage":"en-US","@id":"https:\/\/sunsun.fr\/en\/editions\/president-hotel-limited-edition\/#primaryimage","url":"https:\/\/sunsun.fr\/app\/uploads\/2016\/12\/sunsun_president-hotel_special.jpg","contentUrl":"https:\/\/sunsun.fr\/app\/uploads\/2016\/12\/sunsun_president-hotel_special.jpg","width":1200,"height":900},{"@type":"BreadcrumbList","@id":"https:\/\/sunsun.fr\/en\/editions\/president-hotel-limited-edition\/#breadcrumb","itemListElement":[{"@type":"ListItem","position":1,"name":"Home","item":"https:\/\/sunsun.fr\/en\/"},{"@type":"ListItem","position":2,"name":"\u00e9ditions","item":"https:\/\/sunsun.fr\/en\/"},{"@type":"ListItem","position":3,"name":"President Hotel (limited edition)"}]},{"@type":"WebSite","@id":"https:\/\/dev.webxost.com\/sunsun2\/#website","url":"https:\/\/dev.webxost.com\/sunsun2\/","name":"sun\/sun","description":"label de cr\u00e9ation \u00e9ditoriale","potentialAction":[{"@type":"SearchAction","target":{"@type":"EntryPoint","urlTemplate":"https:\/\/dev.webxost.com\/sunsun2\/?s={search_term_string}"},"query-input":{"@type":"PropertyValueSpecification","valueRequired":true,"valueName":"search_term_string"}}],"inLanguage":"en-US"}]}},"_links":{"self":[{"href":"https:\/\/sunsun.fr\/en\/wp-json\/wp\/v2\/product\/2381"}],"collection":[{"href":"https:\/\/sunsun.fr\/en\/wp-json\/wp\/v2\/product"}],"about":[{"href":"https:\/\/sunsun.fr\/en\/wp-json\/wp\/v2\/types\/product"}],"wp:featuredmedia":[{"embeddable":true,"href":"https:\/\/sunsun.fr\/en\/wp-json\/wp\/v2\/media\/4078"}],"wp:attachment":[{"href":"https:\/\/sunsun.fr\/en\/wp-json\/wp\/v2\/media?parent=2381"}],"wp:term":[{"taxonomy":"product_cat","embeddable":true,"href":"https:\/\/sunsun.fr\/en\/wp-json\/wp\/v2\/product_cat?post=2381"},{"taxonomy":"product_tag","embeddable":true,"href":"https:\/\/sunsun.fr\/en\/wp-json\/wp\/v2\/product_tag?post=2381"}],"curies":[{"name":"wp","href":"https:\/\/api.w.org\/{rel}","templated":true}]}}