{"id":2386,"date":"2018-04-15T14:21:51","date_gmt":"2018-04-15T12:21:51","guid":{"rendered":"https:\/\/sunsun.fr\/editions\/and-only-dogs-respond-to-your-voice\/"},"modified":"2025-03-19T11:52:04","modified_gmt":"2025-03-19T10:52:04","slug":"and-only-dogs-respond-to-your-voice","status":"publish","type":"product","link":"https:\/\/sunsun.fr\/en\/editions\/and-only-dogs-respond-to-your-voice\/","title":{"rendered":"And only dogs respond to your voice"},"content":{"rendered":"<p>[Une \u00e9pop\u00e9e. Un chant. Une histoire de la voix, et donc de l&#8217;humanit\u00e9.]<\/p>\n<div>\n<div>Dans un monde o\u00f9 les hommes ont cess\u00e9 de communiquer \u00e0 force de trop parler, au milieu du bruit, Tarik Noui \u00e9pure le discours et propose un retour essentiel sur les traces de la voix humaine. Sa gen\u00e8se dans le silence premier des cavernes. Son adresse aux dieux anciens. Sa domination sur les peuples. Son an\u00e9antissement dans le vacarme des soci\u00e9t\u00e9s de grandes solitudes.<\/div>\n<\/div>\n","protected":false},"excerpt":{"rendered":"<p>[Une \u00e9pop\u00e9e. Un chant. Une histoire de la voix, et donc de l&#8217;humanit\u00e9.] Dans un monde o\u00f9 les hommes ont cess\u00e9 de communiquer \u00e0 force de trop parler, au milieu du bruit, Tarik Noui \u00e9pure le discours et propose un retour essentiel sur les traces de la voix humaine. Sa gen\u00e8se dans le silence premier [&hellip;]<\/p>\n","protected":false},"featured_media":4074,"template":"","meta":{"_acf_changed":false,"_exactmetrics_skip_tracking":false,"_exactmetrics_sitenote_active":false,"_exactmetrics_sitenote_note":"","_exactmetrics_sitenote_category":0},"product_cat":[97],"product_tag":[],"class_list":{"0":"post-2386","1":"product","2":"type-product","3":"status-publish","4":"has-post-thumbnail","6":"collection-chaos-en","7":"writer-tarik-noui-en","8":"product_cat-uncategorized-en","10":"first","11":"instock","12":"shipping-taxable","13":"purchasable","14":"product-type-simple"},"acf":[],"yoast_head":"<!-- This site is optimized with the Yoast SEO plugin v23.5 - https:\/\/yoast.com\/wordpress\/plugins\/seo\/ -->\n<title>And only dogs respond to your voice - sun\/sun<\/title>\n<meta name=\"robots\" content=\"index, follow, max-snippet:-1, max-image-preview:large, max-video-preview:-1\" \/>\n<link rel=\"canonical\" href=\"https:\/\/sunsun.fr\/en\/editions\/and-only-dogs-respond-to-your-voice\/\" \/>\n<meta property=\"og:locale\" content=\"en_US\" \/>\n<meta property=\"og:type\" content=\"article\" \/>\n<meta property=\"og:title\" content=\"And only dogs respond to your voice - sun\/sun\" \/>\n<meta property=\"og:description\" content=\"[Une \u00e9pop\u00e9e. Un chant. Une histoire de la voix, et donc de l&#8217;humanit\u00e9.] Dans un monde o\u00f9 les hommes ont cess\u00e9 de communiquer \u00e0 force de trop parler, au milieu du bruit, Tarik Noui \u00e9pure le discours et propose un retour essentiel sur les traces de la voix humaine. Sa gen\u00e8se dans le silence premier [&hellip;]\" \/>\n<meta property=\"og:url\" content=\"https:\/\/sunsun.fr\/en\/editions\/and-only-dogs-respond-to-your-voice\/\" \/>\n<meta property=\"og:site_name\" content=\"sun\/sun\" \/>\n<meta property=\"article:publisher\" content=\"https:\/\/www.facebook.com\/icisunsun\" \/>\n<meta property=\"article:modified_time\" content=\"2025-03-19T10:52:04+00:00\" \/>\n<meta property=\"og:image\" content=\"https:\/\/sunsun.fr\/app\/uploads\/2018\/08\/37357256_975280015992687_3229173717003141120_n.jpg\" \/>\n\t<meta property=\"og:image:width\" content=\"960\" \/>\n\t<meta property=\"og:image:height\" content=\"684\" \/>\n\t<meta property=\"og:image:type\" content=\"image\/jpeg\" \/>\n<meta name=\"twitter:card\" content=\"summary_large_image\" \/>\n<meta name=\"twitter:label1\" content=\"Est. reading time\" \/>\n\t<meta name=\"twitter:data1\" content=\"1 minute\" \/>\n<script type=\"application\/ld+json\" class=\"yoast-schema-graph\">{\"@context\":\"https:\/\/schema.org\",\"@graph\":[{\"@type\":\"WebPage\",\"@id\":\"https:\/\/sunsun.fr\/en\/editions\/and-only-dogs-respond-to-your-voice\/\",\"url\":\"https:\/\/sunsun.fr\/en\/editions\/and-only-dogs-respond-to-your-voice\/\",\"name\":\"And only dogs respond to your voice - sun\/sun\",\"isPartOf\":{\"@id\":\"https:\/\/dev.webxost.com\/sunsun2\/#website\"},\"primaryImageOfPage\":{\"@id\":\"https:\/\/sunsun.fr\/en\/editions\/and-only-dogs-respond-to-your-voice\/#primaryimage\"},\"image\":{\"@id\":\"https:\/\/sunsun.fr\/en\/editions\/and-only-dogs-respond-to-your-voice\/#primaryimage\"},\"thumbnailUrl\":\"https:\/\/sunsun.fr\/app\/uploads\/2018\/04\/sunsun_et-seul-les-chiens.jpg\",\"datePublished\":\"2018-04-15T12:21:51+00:00\",\"dateModified\":\"2025-03-19T10:52:04+00:00\",\"breadcrumb\":{\"@id\":\"https:\/\/sunsun.fr\/en\/editions\/and-only-dogs-respond-to-your-voice\/#breadcrumb\"},\"inLanguage\":\"en-US\",\"potentialAction\":[{\"@type\":\"ReadAction\",\"target\":[\"https:\/\/sunsun.fr\/en\/editions\/and-only-dogs-respond-to-your-voice\/\"]}]},{\"@type\":\"ImageObject\",\"inLanguage\":\"en-US\",\"@id\":\"https:\/\/sunsun.fr\/en\/editions\/and-only-dogs-respond-to-your-voice\/#primaryimage\",\"url\":\"https:\/\/sunsun.fr\/app\/uploads\/2018\/04\/sunsun_et-seul-les-chiens.jpg\",\"contentUrl\":\"https:\/\/sunsun.fr\/app\/uploads\/2018\/04\/sunsun_et-seul-les-chiens.jpg\",\"width\":1200,\"height\":900},{\"@type\":\"BreadcrumbList\",\"@id\":\"https:\/\/sunsun.fr\/en\/editions\/and-only-dogs-respond-to-your-voice\/#breadcrumb\",\"itemListElement\":[{\"@type\":\"ListItem\",\"position\":1,\"name\":\"Home\",\"item\":\"https:\/\/sunsun.fr\/en\/\"},{\"@type\":\"ListItem\",\"position\":2,\"name\":\"\u00e9ditions\",\"item\":\"https:\/\/sunsun.fr\/en\/\"},{\"@type\":\"ListItem\",\"position\":3,\"name\":\"And only dogs respond to your voice\"}]},{\"@type\":\"WebSite\",\"@id\":\"https:\/\/dev.webxost.com\/sunsun2\/#website\",\"url\":\"https:\/\/dev.webxost.com\/sunsun2\/\",\"name\":\"sun\/sun\",\"description\":\"label de cr\u00e9ation \u00e9ditoriale\",\"potentialAction\":[{\"@type\":\"SearchAction\",\"target\":{\"@type\":\"EntryPoint\",\"urlTemplate\":\"https:\/\/dev.webxost.com\/sunsun2\/?s={search_term_string}\"},\"query-input\":{\"@type\":\"PropertyValueSpecification\",\"valueRequired\":true,\"valueName\":\"search_term_string\"}}],\"inLanguage\":\"en-US\"}]}<\/script>\n<!-- \/ Yoast SEO plugin. -->","yoast_head_json":{"title":"And only dogs respond to your voice - sun\/sun","robots":{"index":"index","follow":"follow","max-snippet":"max-snippet:-1","max-image-preview":"max-image-preview:large","max-video-preview":"max-video-preview:-1"},"canonical":"https:\/\/sunsun.fr\/en\/editions\/and-only-dogs-respond-to-your-voice\/","og_locale":"en_US","og_type":"article","og_title":"And only dogs respond to your voice - sun\/sun","og_description":"[Une \u00e9pop\u00e9e. Un chant. Une histoire de la voix, et donc de l&#8217;humanit\u00e9.] Dans un monde o\u00f9 les hommes ont cess\u00e9 de communiquer \u00e0 force de trop parler, au milieu du bruit, Tarik Noui \u00e9pure le discours et propose un retour essentiel sur les traces de la voix humaine. Sa gen\u00e8se dans le silence premier [&hellip;]","og_url":"https:\/\/sunsun.fr\/en\/editions\/and-only-dogs-respond-to-your-voice\/","og_site_name":"sun\/sun","article_publisher":"https:\/\/www.facebook.com\/icisunsun","article_modified_time":"2025-03-19T10:52:04+00:00","og_image":[{"width":960,"height":684,"url":"https:\/\/sunsun.fr\/app\/uploads\/2018\/08\/37357256_975280015992687_3229173717003141120_n.jpg","type":"image\/jpeg"}],"twitter_card":"summary_large_image","twitter_misc":{"Est. reading time":"1 minute"},"schema":{"@context":"https:\/\/schema.org","@graph":[{"@type":"WebPage","@id":"https:\/\/sunsun.fr\/en\/editions\/and-only-dogs-respond-to-your-voice\/","url":"https:\/\/sunsun.fr\/en\/editions\/and-only-dogs-respond-to-your-voice\/","name":"And only dogs respond to your voice - sun\/sun","isPartOf":{"@id":"https:\/\/dev.webxost.com\/sunsun2\/#website"},"primaryImageOfPage":{"@id":"https:\/\/sunsun.fr\/en\/editions\/and-only-dogs-respond-to-your-voice\/#primaryimage"},"image":{"@id":"https:\/\/sunsun.fr\/en\/editions\/and-only-dogs-respond-to-your-voice\/#primaryimage"},"thumbnailUrl":"https:\/\/sunsun.fr\/app\/uploads\/2018\/04\/sunsun_et-seul-les-chiens.jpg","datePublished":"2018-04-15T12:21:51+00:00","dateModified":"2025-03-19T10:52:04+00:00","breadcrumb":{"@id":"https:\/\/sunsun.fr\/en\/editions\/and-only-dogs-respond-to-your-voice\/#breadcrumb"},"inLanguage":"en-US","potentialAction":[{"@type":"ReadAction","target":["https:\/\/sunsun.fr\/en\/editions\/and-only-dogs-respond-to-your-voice\/"]}]},{"@type":"ImageObject","inLanguage":"en-US","@id":"https:\/\/sunsun.fr\/en\/editions\/and-only-dogs-respond-to-your-voice\/#primaryimage","url":"https:\/\/sunsun.fr\/app\/uploads\/2018\/04\/sunsun_et-seul-les-chiens.jpg","contentUrl":"https:\/\/sunsun.fr\/app\/uploads\/2018\/04\/sunsun_et-seul-les-chiens.jpg","width":1200,"height":900},{"@type":"BreadcrumbList","@id":"https:\/\/sunsun.fr\/en\/editions\/and-only-dogs-respond-to-your-voice\/#breadcrumb","itemListElement":[{"@type":"ListItem","position":1,"name":"Home","item":"https:\/\/sunsun.fr\/en\/"},{"@type":"ListItem","position":2,"name":"\u00e9ditions","item":"https:\/\/sunsun.fr\/en\/"},{"@type":"ListItem","position":3,"name":"And only dogs respond to your voice"}]},{"@type":"WebSite","@id":"https:\/\/dev.webxost.com\/sunsun2\/#website","url":"https:\/\/dev.webxost.com\/sunsun2\/","name":"sun\/sun","description":"label de cr\u00e9ation \u00e9ditoriale","potentialAction":[{"@type":"SearchAction","target":{"@type":"EntryPoint","urlTemplate":"https:\/\/dev.webxost.com\/sunsun2\/?s={search_term_string}"},"query-input":{"@type":"PropertyValueSpecification","valueRequired":true,"valueName":"search_term_string"}}],"inLanguage":"en-US"}]}},"_links":{"self":[{"href":"https:\/\/sunsun.fr\/en\/wp-json\/wp\/v2\/product\/2386"}],"collection":[{"href":"https:\/\/sunsun.fr\/en\/wp-json\/wp\/v2\/product"}],"about":[{"href":"https:\/\/sunsun.fr\/en\/wp-json\/wp\/v2\/types\/product"}],"wp:featuredmedia":[{"embeddable":true,"href":"https:\/\/sunsun.fr\/en\/wp-json\/wp\/v2\/media\/4074"}],"wp:attachment":[{"href":"https:\/\/sunsun.fr\/en\/wp-json\/wp\/v2\/media?parent=2386"}],"wp:term":[{"taxonomy":"product_cat","embeddable":true,"href":"https:\/\/sunsun.fr\/en\/wp-json\/wp\/v2\/product_cat?post=2386"},{"taxonomy":"product_tag","embeddable":true,"href":"https:\/\/sunsun.fr\/en\/wp-json\/wp\/v2\/product_tag?post=2386"}],"curies":[{"name":"wp","href":"https:\/\/api.w.org\/{rel}","templated":true}]}}