{"id":2389,"date":"2022-12-14T13:40:00","date_gmt":"2022-12-14T12:40:00","guid":{"rendered":"https:\/\/sunsun.fr\/editions\/villa-zamir\/"},"modified":"2025-03-19T04:32:56","modified_gmt":"2025-03-19T03:32:56","slug":"villa-zamir","status":"publish","type":"product","link":"https:\/\/sunsun.fr\/en\/editions\/villa-zamir\/","title":{"rendered":"Villa Zamir"},"content":{"rendered":"<p>Dans la villa abandonn\u00e9e qui domine la baie de Roquebrune, il reste quelque chose de son ancien propri\u00e9taire, Albert-Kahn, et de l\u2019entreprise folle \u00e0 laquelle il a vou\u00e9 sa vie\u00a0: recueillir et sauver les images du monde. D\u00e9couvrant que cette demeure est li\u00e9e \u00e0 ses plus anciens souvenirs, H\u00e9l\u00e8ne Gaudy part revisiter les lieux de l\u2019enfance, tissant un r\u00e9seau de correspondances entre ces vestiges et leurs habitants \u2014 entre l\u2019architecture, l\u2019image et le paysage.<\/p>\n<p>4\u00e8me de couverture<br \/>\n<em>L\u2019image vient juste avant la nuit. Bient\u00f4t, les ombres des palmiers vont gagner tout le ciel. Au-dessus de la zone plus mate de la mer, une lueur de feu s\u2019appr\u00eate \u00e0 sombrer. L\u2019image arr\u00eate le temps, comme toutes les images, mais celle-ci semble \u00e9chouer \u00e0 le figer tout \u00e0 fait. D\u00e9j\u00e0, on sait que le temps va gagner. Les teintes vont s\u2019assombrir et la mer dispara\u00eetre. On sent la fra\u00eecheur humide venue de l\u2019herbe et du rivage, le d\u00e9sir de l\u2019abri.<\/em><\/p>\n<p>+<\/p>\n<p>Fl\u00e9chette est une collection de livres o\u00f9 dialoguent les images des Archives de la Plan\u00e8te (1909-1931) avec des textes d\u2019autrices et d\u2019auteurs contemporain.e.s. Textes documentaires, po\u00e9tiques, ou essais, chaque livre est compos\u00e9 par une autrice ou un auteur, invit\u00e9.e \u00e0 se saisir d\u2019une seule image (autochrome et\/ou film) \u00e0 partir de laquelle elle\/il \u00e9crit.<\/p>\n<p><strong>Une actualisation et une r\u00e9actualisation cent ans plus tard de la question de la disparition des mondes.<\/strong><\/p>\n<p>Chacun des ouvrages comporte en ouverture une reproduction de l\u2019autochrome choisie ins\u00e9r\u00e9e en premi\u00e8re page.<\/p>\n","protected":false},"excerpt":{"rendered":"<p>Dans la villa abandonn\u00e9e qui domine la baie de Roquebrune, il reste quelque chose de son ancien propri\u00e9taire, Albert-Kahn, et de l\u2019entreprise folle \u00e0 laquelle il a vou\u00e9 sa vie\u00a0: recueillir et sauver les images du monde. D\u00e9couvrant que cette demeure est li\u00e9e \u00e0 ses plus anciens souvenirs, H\u00e9l\u00e8ne Gaudy part revisiter les lieux de [&hellip;]<\/p>\n","protected":false},"featured_media":2909,"template":"","meta":{"_acf_changed":false,"_exactmetrics_skip_tracking":false,"_exactmetrics_sitenote_active":false,"_exactmetrics_sitenote_note":"","_exactmetrics_sitenote_category":0},"product_cat":[97],"product_tag":[],"class_list":{"0":"post-2389","1":"product","2":"type-product","3":"status-publish","4":"has-post-thumbnail","6":"collection-collection-flechette-2-en","7":"writer-helene-gaudy-en","8":"product_cat-uncategorized-en","10":"first","11":"instock","12":"shipping-taxable","13":"purchasable","14":"product-type-simple"},"acf":[],"yoast_head":"<!-- This site is optimized with the Yoast SEO plugin v23.5 - https:\/\/yoast.com\/wordpress\/plugins\/seo\/ -->\n<title>Villa Zamir - sun\/sun<\/title>\n<meta name=\"robots\" content=\"index, follow, max-snippet:-1, max-image-preview:large, max-video-preview:-1\" \/>\n<link rel=\"canonical\" href=\"https:\/\/sunsun.fr\/en\/editions\/villa-zamir\/\" \/>\n<meta property=\"og:locale\" content=\"en_US\" \/>\n<meta property=\"og:type\" content=\"article\" \/>\n<meta property=\"og:title\" content=\"Villa Zamir - sun\/sun\" \/>\n<meta property=\"og:description\" content=\"Dans la villa abandonn\u00e9e qui domine la baie de Roquebrune, il reste quelque chose de son ancien propri\u00e9taire, Albert-Kahn, et de l\u2019entreprise folle \u00e0 laquelle il a vou\u00e9 sa vie\u00a0: recueillir et sauver les images du monde. D\u00e9couvrant que cette demeure est li\u00e9e \u00e0 ses plus anciens souvenirs, H\u00e9l\u00e8ne Gaudy part revisiter les lieux de [&hellip;]\" \/>\n<meta property=\"og:url\" content=\"https:\/\/sunsun.fr\/en\/editions\/villa-zamir\/\" \/>\n<meta property=\"og:site_name\" content=\"sun\/sun\" \/>\n<meta property=\"article:publisher\" content=\"https:\/\/www.facebook.com\/icisunsun\" \/>\n<meta property=\"article:modified_time\" content=\"2025-03-19T03:32:56+00:00\" \/>\n<meta property=\"og:image\" content=\"https:\/\/sunsun.fr\/app\/uploads\/2022\/12\/FL_books_all_covers_B.jpg\" \/>\n\t<meta property=\"og:image:width\" content=\"1600\" \/>\n\t<meta property=\"og:image:height\" content=\"1153\" \/>\n\t<meta property=\"og:image:type\" content=\"image\/jpeg\" \/>\n<meta name=\"twitter:card\" content=\"summary_large_image\" \/>\n<meta name=\"twitter:label1\" content=\"Est. reading time\" \/>\n\t<meta name=\"twitter:data1\" content=\"2 minutes\" \/>\n<script type=\"application\/ld+json\" class=\"yoast-schema-graph\">{\"@context\":\"https:\/\/schema.org\",\"@graph\":[{\"@type\":\"WebPage\",\"@id\":\"https:\/\/sunsun.fr\/en\/editions\/villa-zamir\/\",\"url\":\"https:\/\/sunsun.fr\/en\/editions\/villa-zamir\/\",\"name\":\"Villa Zamir - sun\/sun\",\"isPartOf\":{\"@id\":\"https:\/\/dev.webxost.com\/sunsun2\/#website\"},\"primaryImageOfPage\":{\"@id\":\"https:\/\/sunsun.fr\/en\/editions\/villa-zamir\/#primaryimage\"},\"image\":{\"@id\":\"https:\/\/sunsun.fr\/en\/editions\/villa-zamir\/#primaryimage\"},\"thumbnailUrl\":\"https:\/\/sunsun.fr\/app\/uploads\/2022\/12\/FL_villa.jpg\",\"datePublished\":\"2022-12-14T12:40:00+00:00\",\"dateModified\":\"2025-03-19T03:32:56+00:00\",\"breadcrumb\":{\"@id\":\"https:\/\/sunsun.fr\/en\/editions\/villa-zamir\/#breadcrumb\"},\"inLanguage\":\"en-US\",\"potentialAction\":[{\"@type\":\"ReadAction\",\"target\":[\"https:\/\/sunsun.fr\/en\/editions\/villa-zamir\/\"]}]},{\"@type\":\"ImageObject\",\"inLanguage\":\"en-US\",\"@id\":\"https:\/\/sunsun.fr\/en\/editions\/villa-zamir\/#primaryimage\",\"url\":\"https:\/\/sunsun.fr\/app\/uploads\/2022\/12\/FL_villa.jpg\",\"contentUrl\":\"https:\/\/sunsun.fr\/app\/uploads\/2022\/12\/FL_villa.jpg\",\"width\":600,\"height\":450},{\"@type\":\"BreadcrumbList\",\"@id\":\"https:\/\/sunsun.fr\/en\/editions\/villa-zamir\/#breadcrumb\",\"itemListElement\":[{\"@type\":\"ListItem\",\"position\":1,\"name\":\"Home\",\"item\":\"https:\/\/sunsun.fr\/en\/\"},{\"@type\":\"ListItem\",\"position\":2,\"name\":\"\u00e9ditions\",\"item\":\"https:\/\/sunsun.fr\/en\/\"},{\"@type\":\"ListItem\",\"position\":3,\"name\":\"Villa Zamir\"}]},{\"@type\":\"WebSite\",\"@id\":\"https:\/\/dev.webxost.com\/sunsun2\/#website\",\"url\":\"https:\/\/dev.webxost.com\/sunsun2\/\",\"name\":\"sun\/sun\",\"description\":\"label de cr\u00e9ation \u00e9ditoriale\",\"potentialAction\":[{\"@type\":\"SearchAction\",\"target\":{\"@type\":\"EntryPoint\",\"urlTemplate\":\"https:\/\/dev.webxost.com\/sunsun2\/?s={search_term_string}\"},\"query-input\":{\"@type\":\"PropertyValueSpecification\",\"valueRequired\":true,\"valueName\":\"search_term_string\"}}],\"inLanguage\":\"en-US\"}]}<\/script>\n<!-- \/ Yoast SEO plugin. -->","yoast_head_json":{"title":"Villa Zamir - sun\/sun","robots":{"index":"index","follow":"follow","max-snippet":"max-snippet:-1","max-image-preview":"max-image-preview:large","max-video-preview":"max-video-preview:-1"},"canonical":"https:\/\/sunsun.fr\/en\/editions\/villa-zamir\/","og_locale":"en_US","og_type":"article","og_title":"Villa Zamir - sun\/sun","og_description":"Dans la villa abandonn\u00e9e qui domine la baie de Roquebrune, il reste quelque chose de son ancien propri\u00e9taire, Albert-Kahn, et de l\u2019entreprise folle \u00e0 laquelle il a vou\u00e9 sa vie\u00a0: recueillir et sauver les images du monde. D\u00e9couvrant que cette demeure est li\u00e9e \u00e0 ses plus anciens souvenirs, H\u00e9l\u00e8ne Gaudy part revisiter les lieux de [&hellip;]","og_url":"https:\/\/sunsun.fr\/en\/editions\/villa-zamir\/","og_site_name":"sun\/sun","article_publisher":"https:\/\/www.facebook.com\/icisunsun","article_modified_time":"2025-03-19T03:32:56+00:00","og_image":[{"width":1600,"height":1153,"url":"https:\/\/sunsun.fr\/app\/uploads\/2022\/12\/FL_books_all_covers_B.jpg","type":"image\/jpeg"}],"twitter_card":"summary_large_image","twitter_misc":{"Est. reading time":"2 minutes"},"schema":{"@context":"https:\/\/schema.org","@graph":[{"@type":"WebPage","@id":"https:\/\/sunsun.fr\/en\/editions\/villa-zamir\/","url":"https:\/\/sunsun.fr\/en\/editions\/villa-zamir\/","name":"Villa Zamir - sun\/sun","isPartOf":{"@id":"https:\/\/dev.webxost.com\/sunsun2\/#website"},"primaryImageOfPage":{"@id":"https:\/\/sunsun.fr\/en\/editions\/villa-zamir\/#primaryimage"},"image":{"@id":"https:\/\/sunsun.fr\/en\/editions\/villa-zamir\/#primaryimage"},"thumbnailUrl":"https:\/\/sunsun.fr\/app\/uploads\/2022\/12\/FL_villa.jpg","datePublished":"2022-12-14T12:40:00+00:00","dateModified":"2025-03-19T03:32:56+00:00","breadcrumb":{"@id":"https:\/\/sunsun.fr\/en\/editions\/villa-zamir\/#breadcrumb"},"inLanguage":"en-US","potentialAction":[{"@type":"ReadAction","target":["https:\/\/sunsun.fr\/en\/editions\/villa-zamir\/"]}]},{"@type":"ImageObject","inLanguage":"en-US","@id":"https:\/\/sunsun.fr\/en\/editions\/villa-zamir\/#primaryimage","url":"https:\/\/sunsun.fr\/app\/uploads\/2022\/12\/FL_villa.jpg","contentUrl":"https:\/\/sunsun.fr\/app\/uploads\/2022\/12\/FL_villa.jpg","width":600,"height":450},{"@type":"BreadcrumbList","@id":"https:\/\/sunsun.fr\/en\/editions\/villa-zamir\/#breadcrumb","itemListElement":[{"@type":"ListItem","position":1,"name":"Home","item":"https:\/\/sunsun.fr\/en\/"},{"@type":"ListItem","position":2,"name":"\u00e9ditions","item":"https:\/\/sunsun.fr\/en\/"},{"@type":"ListItem","position":3,"name":"Villa Zamir"}]},{"@type":"WebSite","@id":"https:\/\/dev.webxost.com\/sunsun2\/#website","url":"https:\/\/dev.webxost.com\/sunsun2\/","name":"sun\/sun","description":"label de cr\u00e9ation \u00e9ditoriale","potentialAction":[{"@type":"SearchAction","target":{"@type":"EntryPoint","urlTemplate":"https:\/\/dev.webxost.com\/sunsun2\/?s={search_term_string}"},"query-input":{"@type":"PropertyValueSpecification","valueRequired":true,"valueName":"search_term_string"}}],"inLanguage":"en-US"}]}},"_links":{"self":[{"href":"https:\/\/sunsun.fr\/en\/wp-json\/wp\/v2\/product\/2389"}],"collection":[{"href":"https:\/\/sunsun.fr\/en\/wp-json\/wp\/v2\/product"}],"about":[{"href":"https:\/\/sunsun.fr\/en\/wp-json\/wp\/v2\/types\/product"}],"wp:featuredmedia":[{"embeddable":true,"href":"https:\/\/sunsun.fr\/en\/wp-json\/wp\/v2\/media\/2909"}],"wp:attachment":[{"href":"https:\/\/sunsun.fr\/en\/wp-json\/wp\/v2\/media?parent=2389"}],"wp:term":[{"taxonomy":"product_cat","embeddable":true,"href":"https:\/\/sunsun.fr\/en\/wp-json\/wp\/v2\/product_cat?post=2389"},{"taxonomy":"product_tag","embeddable":true,"href":"https:\/\/sunsun.fr\/en\/wp-json\/wp\/v2\/product_tag?post=2389"}],"curies":[{"name":"wp","href":"https:\/\/api.w.org\/{rel}","templated":true}]}}