{"id":2742,"date":"2023-03-19T03:53:40","date_gmt":"2023-03-19T02:53:40","guid":{"rendered":"https:\/\/sunsun.fr\/?post_type=product&#038;p=2742"},"modified":"2025-03-19T03:54:55","modified_gmt":"2025-03-19T02:54:55","slug":"feticheuses","status":"publish","type":"product","link":"https:\/\/sunsun.fr\/en\/editions\/feticheuses\/","title":{"rendered":"F\u00e9ticheuses"},"content":{"rendered":"<p>\u201c A\u0300 dix, je pose l\u2019index a\u0300 la surface et j\u2019ouvre les yeux sur la mer bleue. Trois fois, je recommence, trois fois, c\u2019est ce qui arrive : le beau milieu de l\u2019oce\u0301an. Alors je fais tourner le globe les yeux ouverts et je vois passer le Be\u0301nin, le grand baobab dresse\u0301 du sud vers le nord que dessinent ses frontie\u0300res. La qualite\u0301 du nom de ce pays, Be\u0301nin, m\u2019apparai\u0302t pour la pre- mie\u0300re fois : \u00abinoffensif\u00bb. Dans la vie, je cherche les lieux su\u0302rs, les gens gentils, ce qui ne me tuera pas, et j\u2019appre\u0301cie ce signe. \u201d<\/p>\n<p>Image \u25aa Dahomey, Abomey (Zado), Feticheuses du tonnerre [Deux vodunsi d\u2019H\u00eaviosso (foudre et tonnerre)], 28 f\u00e9vrier 1930 (F. Gadmer, autochrome, A63569S), Collections du mus\u00e9e d\u00e9partemental Albert Kahn. Avec son aimable autorisation de reproduction.<\/p>\n<p>Fl\u00e9chette est une collection de livres o\u00f9 dialoguent les images des Archives de la Plan\u00e8te (1909-1931) avec des textes d\u2019autrices et d\u2019auteurs contemporain.e.s. Textes documentaires, po\u00e9tiques, ou essais, chaque livre est compos\u00e9 par une autrice ou un auteur, invit\u00e9.e \u00e0 se saisir d\u2019une seule image (autochrome et\/ou film) \u00e0 partir de laquelle elle\/il \u00e9crit.<\/p>\n<p><strong>Une actualisation et une r\u00e9actualisation cent ans plus tard de la question de la disparition des mondes.<\/strong><\/p>\n<p>Chacun des ouvrages comporte en ouverture une reproduction de l\u2019autochrome choisie ins\u00e9r\u00e9e en premi\u00e8re page.<\/p>\n","protected":false},"excerpt":{"rendered":"<p>\u201c A\u0300 dix, je pose l\u2019index a\u0300 la surface et j\u2019ouvre les yeux sur la mer bleue. Trois fois, je recommence, trois fois, c\u2019est ce qui arrive : le beau milieu de l\u2019oce\u0301an. Alors je fais tourner le globe les yeux ouverts et je vois passer le Be\u0301nin, le grand baobab dresse\u0301 du sud vers [&hellip;]<\/p>\n","protected":false},"featured_media":2892,"template":"","meta":{"_acf_changed":false,"_exactmetrics_skip_tracking":false,"_exactmetrics_sitenote_active":false,"_exactmetrics_sitenote_note":"","_exactmetrics_sitenote_category":0},"product_cat":[97],"product_tag":[],"class_list":{"0":"post-2742","1":"product","2":"type-product","3":"status-publish","4":"has-post-thumbnail","6":"collection-collection-flechette-2-en","7":"writer-amelie-lucas-gary-en","8":"product_cat-uncategorized-en","10":"first","11":"instock","12":"shipping-taxable","13":"purchasable","14":"product-type-simple"},"acf":[],"yoast_head":"<!-- This site is optimized with the Yoast SEO plugin v23.5 - https:\/\/yoast.com\/wordpress\/plugins\/seo\/ -->\n<title>F\u00e9ticheuses - sun\/sun<\/title>\n<meta name=\"robots\" content=\"index, follow, max-snippet:-1, max-image-preview:large, max-video-preview:-1\" \/>\n<link rel=\"canonical\" href=\"https:\/\/sunsun.fr\/en\/editions\/feticheuses\/\" \/>\n<meta property=\"og:locale\" content=\"en_US\" \/>\n<meta property=\"og:type\" content=\"article\" \/>\n<meta property=\"og:title\" content=\"F\u00e9ticheuses - sun\/sun\" \/>\n<meta property=\"og:description\" content=\"\u201c A\u0300 dix, je pose l\u2019index a\u0300 la surface et j\u2019ouvre les yeux sur la mer bleue. Trois fois, je recommence, trois fois, c\u2019est ce qui arrive : le beau milieu de l\u2019oce\u0301an. Alors je fais tourner le globe les yeux ouverts et je vois passer le Be\u0301nin, le grand baobab dresse\u0301 du sud vers [&hellip;]\" \/>\n<meta property=\"og:url\" content=\"https:\/\/sunsun.fr\/en\/editions\/feticheuses\/\" \/>\n<meta property=\"og:site_name\" content=\"sun\/sun\" \/>\n<meta property=\"article:publisher\" content=\"https:\/\/www.facebook.com\/icisunsun\" \/>\n<meta property=\"article:modified_time\" content=\"2025-03-19T02:54:55+00:00\" \/>\n<meta property=\"og:image\" content=\"https:\/\/sunsun.fr\/app\/uploads\/2025\/03\/Capture-decran-2023-10-31-a-09.04.21.png\" \/>\n\t<meta property=\"og:image:width\" content=\"928\" \/>\n\t<meta property=\"og:image:height\" content=\"814\" \/>\n\t<meta property=\"og:image:type\" content=\"image\/png\" \/>\n<meta name=\"twitter:card\" content=\"summary_large_image\" \/>\n<meta name=\"twitter:label1\" content=\"Est. reading time\" \/>\n\t<meta name=\"twitter:data1\" content=\"2 minutes\" \/>\n<script type=\"application\/ld+json\" class=\"yoast-schema-graph\">{\"@context\":\"https:\/\/schema.org\",\"@graph\":[{\"@type\":\"WebPage\",\"@id\":\"https:\/\/sunsun.fr\/en\/editions\/feticheuses\/\",\"url\":\"https:\/\/sunsun.fr\/en\/editions\/feticheuses\/\",\"name\":\"F\u00e9ticheuses - sun\/sun\",\"isPartOf\":{\"@id\":\"https:\/\/dev.webxost.com\/sunsun2\/#website\"},\"primaryImageOfPage\":{\"@id\":\"https:\/\/sunsun.fr\/en\/editions\/feticheuses\/#primaryimage\"},\"image\":{\"@id\":\"https:\/\/sunsun.fr\/en\/editions\/feticheuses\/#primaryimage\"},\"thumbnailUrl\":\"https:\/\/sunsun.fr\/app\/uploads\/2023\/03\/FL_Feticheuses.jpg\",\"datePublished\":\"2023-03-19T02:53:40+00:00\",\"dateModified\":\"2025-03-19T02:54:55+00:00\",\"breadcrumb\":{\"@id\":\"https:\/\/sunsun.fr\/en\/editions\/feticheuses\/#breadcrumb\"},\"inLanguage\":\"en-US\",\"potentialAction\":[{\"@type\":\"ReadAction\",\"target\":[\"https:\/\/sunsun.fr\/en\/editions\/feticheuses\/\"]}]},{\"@type\":\"ImageObject\",\"inLanguage\":\"en-US\",\"@id\":\"https:\/\/sunsun.fr\/en\/editions\/feticheuses\/#primaryimage\",\"url\":\"https:\/\/sunsun.fr\/app\/uploads\/2023\/03\/FL_Feticheuses.jpg\",\"contentUrl\":\"https:\/\/sunsun.fr\/app\/uploads\/2023\/03\/FL_Feticheuses.jpg\",\"width\":1200,\"height\":900},{\"@type\":\"BreadcrumbList\",\"@id\":\"https:\/\/sunsun.fr\/en\/editions\/feticheuses\/#breadcrumb\",\"itemListElement\":[{\"@type\":\"ListItem\",\"position\":1,\"name\":\"Home\",\"item\":\"https:\/\/sunsun.fr\/en\/\"},{\"@type\":\"ListItem\",\"position\":2,\"name\":\"\u00e9ditions\",\"item\":\"https:\/\/sunsun.fr\/en\/\"},{\"@type\":\"ListItem\",\"position\":3,\"name\":\"F\u00e9ticheuses\"}]},{\"@type\":\"WebSite\",\"@id\":\"https:\/\/dev.webxost.com\/sunsun2\/#website\",\"url\":\"https:\/\/dev.webxost.com\/sunsun2\/\",\"name\":\"sun\/sun\",\"description\":\"label de cr\u00e9ation \u00e9ditoriale\",\"potentialAction\":[{\"@type\":\"SearchAction\",\"target\":{\"@type\":\"EntryPoint\",\"urlTemplate\":\"https:\/\/dev.webxost.com\/sunsun2\/?s={search_term_string}\"},\"query-input\":{\"@type\":\"PropertyValueSpecification\",\"valueRequired\":true,\"valueName\":\"search_term_string\"}}],\"inLanguage\":\"en-US\"}]}<\/script>\n<!-- \/ Yoast SEO plugin. -->","yoast_head_json":{"title":"F\u00e9ticheuses - sun\/sun","robots":{"index":"index","follow":"follow","max-snippet":"max-snippet:-1","max-image-preview":"max-image-preview:large","max-video-preview":"max-video-preview:-1"},"canonical":"https:\/\/sunsun.fr\/en\/editions\/feticheuses\/","og_locale":"en_US","og_type":"article","og_title":"F\u00e9ticheuses - sun\/sun","og_description":"\u201c A\u0300 dix, je pose l\u2019index a\u0300 la surface et j\u2019ouvre les yeux sur la mer bleue. Trois fois, je recommence, trois fois, c\u2019est ce qui arrive : le beau milieu de l\u2019oce\u0301an. Alors je fais tourner le globe les yeux ouverts et je vois passer le Be\u0301nin, le grand baobab dresse\u0301 du sud vers [&hellip;]","og_url":"https:\/\/sunsun.fr\/en\/editions\/feticheuses\/","og_site_name":"sun\/sun","article_publisher":"https:\/\/www.facebook.com\/icisunsun","article_modified_time":"2025-03-19T02:54:55+00:00","og_image":[{"width":928,"height":814,"url":"https:\/\/sunsun.fr\/app\/uploads\/2025\/03\/Capture-decran-2023-10-31-a-09.04.21.png","type":"image\/png"}],"twitter_card":"summary_large_image","twitter_misc":{"Est. reading time":"2 minutes"},"schema":{"@context":"https:\/\/schema.org","@graph":[{"@type":"WebPage","@id":"https:\/\/sunsun.fr\/en\/editions\/feticheuses\/","url":"https:\/\/sunsun.fr\/en\/editions\/feticheuses\/","name":"F\u00e9ticheuses - sun\/sun","isPartOf":{"@id":"https:\/\/dev.webxost.com\/sunsun2\/#website"},"primaryImageOfPage":{"@id":"https:\/\/sunsun.fr\/en\/editions\/feticheuses\/#primaryimage"},"image":{"@id":"https:\/\/sunsun.fr\/en\/editions\/feticheuses\/#primaryimage"},"thumbnailUrl":"https:\/\/sunsun.fr\/app\/uploads\/2023\/03\/FL_Feticheuses.jpg","datePublished":"2023-03-19T02:53:40+00:00","dateModified":"2025-03-19T02:54:55+00:00","breadcrumb":{"@id":"https:\/\/sunsun.fr\/en\/editions\/feticheuses\/#breadcrumb"},"inLanguage":"en-US","potentialAction":[{"@type":"ReadAction","target":["https:\/\/sunsun.fr\/en\/editions\/feticheuses\/"]}]},{"@type":"ImageObject","inLanguage":"en-US","@id":"https:\/\/sunsun.fr\/en\/editions\/feticheuses\/#primaryimage","url":"https:\/\/sunsun.fr\/app\/uploads\/2023\/03\/FL_Feticheuses.jpg","contentUrl":"https:\/\/sunsun.fr\/app\/uploads\/2023\/03\/FL_Feticheuses.jpg","width":1200,"height":900},{"@type":"BreadcrumbList","@id":"https:\/\/sunsun.fr\/en\/editions\/feticheuses\/#breadcrumb","itemListElement":[{"@type":"ListItem","position":1,"name":"Home","item":"https:\/\/sunsun.fr\/en\/"},{"@type":"ListItem","position":2,"name":"\u00e9ditions","item":"https:\/\/sunsun.fr\/en\/"},{"@type":"ListItem","position":3,"name":"F\u00e9ticheuses"}]},{"@type":"WebSite","@id":"https:\/\/dev.webxost.com\/sunsun2\/#website","url":"https:\/\/dev.webxost.com\/sunsun2\/","name":"sun\/sun","description":"label de cr\u00e9ation \u00e9ditoriale","potentialAction":[{"@type":"SearchAction","target":{"@type":"EntryPoint","urlTemplate":"https:\/\/dev.webxost.com\/sunsun2\/?s={search_term_string}"},"query-input":{"@type":"PropertyValueSpecification","valueRequired":true,"valueName":"search_term_string"}}],"inLanguage":"en-US"}]}},"_links":{"self":[{"href":"https:\/\/sunsun.fr\/en\/wp-json\/wp\/v2\/product\/2742"}],"collection":[{"href":"https:\/\/sunsun.fr\/en\/wp-json\/wp\/v2\/product"}],"about":[{"href":"https:\/\/sunsun.fr\/en\/wp-json\/wp\/v2\/types\/product"}],"wp:featuredmedia":[{"embeddable":true,"href":"https:\/\/sunsun.fr\/en\/wp-json\/wp\/v2\/media\/2892"}],"wp:attachment":[{"href":"https:\/\/sunsun.fr\/en\/wp-json\/wp\/v2\/media?parent=2742"}],"wp:term":[{"taxonomy":"product_cat","embeddable":true,"href":"https:\/\/sunsun.fr\/en\/wp-json\/wp\/v2\/product_cat?post=2742"},{"taxonomy":"product_tag","embeddable":true,"href":"https:\/\/sunsun.fr\/en\/wp-json\/wp\/v2\/product_tag?post=2742"}],"curies":[{"name":"wp","href":"https:\/\/api.w.org\/{rel}","templated":true}]}}