{"id":2768,"date":"2023-11-19T04:13:39","date_gmt":"2023-11-19T03:13:39","guid":{"rendered":"https:\/\/sunsun.fr\/?post_type=product&#038;p=2768"},"modified":"2025-04-24T20:32:58","modified_gmt":"2025-04-24T18:32:58","slug":"envolee","status":"publish","type":"product","link":"https:\/\/sunsun.fr\/en\/editions\/envolee\/","title":{"rendered":"Envol\u00e9e"},"content":{"rendered":"<p class=\"p1\">Quelles traces les lieux conservent-ils des \u00e9v\u00e8nements qui s&#8217;y sont d\u00e9roul\u00e9s? Sous quelle forme le sol, les arbres, les b\u00e2timents, gardent-ils quelque part en eux la non-concordance des temps qui s&#8217;y d\u00e9roulent ? Qu&#8217;est-ce qu&#8217;un film tourn\u00e9 sans pr\u00e9vision d&#8217;\u00eatre mont\u00e9 ni montr\u00e9, aujourd&#8217;hui tomb\u00e9 dans le domaine public, conserve d&#8217;une m\u00e9moire familiale enti\u00e8rement \u00e9vanouie ?<\/p>\n<p>Image 1 \u25aa La famille Kamenka dans les jardins de la propri\u00e9t\u00e9 d&#8217;Albert Kahn. Photogramme d&#8217;apr\u00e8s film n\u00e9gatif nitrate 35mm. 1919.<\/p>\n<p>Image 2 \u25aa Villa Miramar, propri\u00e9t\u00e9 d&#8217; Albert Kahn, cap Martin, France, Mademoiselle Daria Kamenka, invit\u00e9e avec sa famille par Albert Kahn, 1916-1926 (A. L\u00e9on, autochrome, A40313), Collections du mus\u00e9e d\u00e9partemental Albert Kahn. Avec son aimable autorisation de reproduction.<\/p>\n<p>+<\/p>\n<p>Fl\u00e9chette est une collection de livres o\u00f9 dialoguent les images des Archives de la Plan\u00e8te (1909-1931) avec des textes d\u2019autrices et d\u2019auteurs contemporain.e.s. Textes documentaires, po\u00e9tiques, ou essais, chaque livre est compos\u00e9 par une autrice ou un auteur, invit\u00e9.e \u00e0 se saisir d\u2019une seule image (autochrome et\/ou film) \u00e0 partir de laquelle elle\/il \u00e9crit.<\/p>\n<p><strong>Une actualisation et une r\u00e9actualisation cent ans plus tard de la question de la disparition des mondes.<\/strong><\/p>\n<p>Chacun des ouvrages comporte en ouverture une reproduction de l\u2019autochrome choisie ins\u00e9r\u00e9e en premi\u00e8re page.<\/p>\n","protected":false},"excerpt":{"rendered":"<p>Quelles traces les lieux conservent-ils des \u00e9v\u00e8nements qui s&#8217;y sont d\u00e9roul\u00e9s? Sous quelle forme le sol, les arbres, les b\u00e2timents, gardent-ils quelque part en eux la non-concordance des temps qui s&#8217;y d\u00e9roulent ? Qu&#8217;est-ce qu&#8217;un film tourn\u00e9 sans pr\u00e9vision d&#8217;\u00eatre mont\u00e9 ni montr\u00e9, aujourd&#8217;hui tomb\u00e9 dans le domaine public, conserve d&#8217;une m\u00e9moire familiale enti\u00e8rement \u00e9vanouie [&hellip;]<\/p>\n","protected":false},"featured_media":2887,"template":"","meta":{"_acf_changed":false,"_exactmetrics_skip_tracking":false,"_exactmetrics_sitenote_active":false,"_exactmetrics_sitenote_note":"","_exactmetrics_sitenote_category":0},"product_cat":[97],"product_tag":[],"class_list":{"0":"post-2768","1":"product","2":"type-product","3":"status-publish","4":"has-post-thumbnail","6":"collection-collection-flechette-2-en","7":"writer-marcelline-delbecq-en","8":"product_cat-uncategorized-en","10":"first","11":"outofstock","12":"shipping-taxable","13":"product-type-simple"},"acf":[],"yoast_head":"<!-- This site is optimized with the Yoast SEO plugin v23.5 - https:\/\/yoast.com\/wordpress\/plugins\/seo\/ -->\n<title>Envol\u00e9e - sun\/sun<\/title>\n<meta name=\"robots\" content=\"index, follow, max-snippet:-1, max-image-preview:large, max-video-preview:-1\" \/>\n<link rel=\"canonical\" href=\"https:\/\/sunsun.fr\/en\/editions\/envolee\/\" \/>\n<meta property=\"og:locale\" content=\"en_US\" \/>\n<meta property=\"og:type\" content=\"article\" \/>\n<meta property=\"og:title\" content=\"Envol\u00e9e - sun\/sun\" \/>\n<meta property=\"og:description\" content=\"Quelles traces les lieux conservent-ils des \u00e9v\u00e8nements qui s&#8217;y sont d\u00e9roul\u00e9s? Sous quelle forme le sol, les arbres, les b\u00e2timents, gardent-ils quelque part en eux la non-concordance des temps qui s&#8217;y d\u00e9roulent ? Qu&#8217;est-ce qu&#8217;un film tourn\u00e9 sans pr\u00e9vision d&#8217;\u00eatre mont\u00e9 ni montr\u00e9, aujourd&#8217;hui tomb\u00e9 dans le domaine public, conserve d&#8217;une m\u00e9moire familiale enti\u00e8rement \u00e9vanouie [&hellip;]\" \/>\n<meta property=\"og:url\" content=\"https:\/\/sunsun.fr\/en\/editions\/envolee\/\" \/>\n<meta property=\"og:site_name\" content=\"sun\/sun\" \/>\n<meta property=\"article:publisher\" content=\"https:\/\/www.facebook.com\/icisunsun\" \/>\n<meta property=\"article:modified_time\" content=\"2025-04-24T18:32:58+00:00\" \/>\n<meta property=\"og:image\" content=\"https:\/\/sunsun.fr\/app\/uploads\/2025\/03\/Envolee-scaled.jpg\" \/>\n\t<meta property=\"og:image:width\" content=\"2011\" \/>\n\t<meta property=\"og:image:height\" content=\"2560\" \/>\n\t<meta property=\"og:image:type\" content=\"image\/jpeg\" \/>\n<meta name=\"twitter:card\" content=\"summary_large_image\" \/>\n<meta name=\"twitter:label1\" content=\"Est. reading time\" \/>\n\t<meta name=\"twitter:data1\" content=\"2 minutes\" \/>\n<script type=\"application\/ld+json\" class=\"yoast-schema-graph\">{\"@context\":\"https:\/\/schema.org\",\"@graph\":[{\"@type\":\"WebPage\",\"@id\":\"https:\/\/sunsun.fr\/en\/editions\/envolee\/\",\"url\":\"https:\/\/sunsun.fr\/en\/editions\/envolee\/\",\"name\":\"Envol\u00e9e - sun\/sun\",\"isPartOf\":{\"@id\":\"https:\/\/dev.webxost.com\/sunsun2\/#website\"},\"primaryImageOfPage\":{\"@id\":\"https:\/\/sunsun.fr\/en\/editions\/envolee\/#primaryimage\"},\"image\":{\"@id\":\"https:\/\/sunsun.fr\/en\/editions\/envolee\/#primaryimage\"},\"thumbnailUrl\":\"https:\/\/sunsun.fr\/app\/uploads\/2023\/11\/Fl_Envolee_1000x.jpg\",\"datePublished\":\"2023-11-19T03:13:39+00:00\",\"dateModified\":\"2025-04-24T18:32:58+00:00\",\"breadcrumb\":{\"@id\":\"https:\/\/sunsun.fr\/en\/editions\/envolee\/#breadcrumb\"},\"inLanguage\":\"en-US\",\"potentialAction\":[{\"@type\":\"ReadAction\",\"target\":[\"https:\/\/sunsun.fr\/en\/editions\/envolee\/\"]}]},{\"@type\":\"ImageObject\",\"inLanguage\":\"en-US\",\"@id\":\"https:\/\/sunsun.fr\/en\/editions\/envolee\/#primaryimage\",\"url\":\"https:\/\/sunsun.fr\/app\/uploads\/2023\/11\/Fl_Envolee_1000x.jpg\",\"contentUrl\":\"https:\/\/sunsun.fr\/app\/uploads\/2023\/11\/Fl_Envolee_1000x.jpg\",\"width\":1000,\"height\":750},{\"@type\":\"BreadcrumbList\",\"@id\":\"https:\/\/sunsun.fr\/en\/editions\/envolee\/#breadcrumb\",\"itemListElement\":[{\"@type\":\"ListItem\",\"position\":1,\"name\":\"Home\",\"item\":\"https:\/\/sunsun.fr\/en\/\"},{\"@type\":\"ListItem\",\"position\":2,\"name\":\"\u00e9ditions\",\"item\":\"https:\/\/sunsun.fr\/en\/\"},{\"@type\":\"ListItem\",\"position\":3,\"name\":\"Envol\u00e9e\"}]},{\"@type\":\"WebSite\",\"@id\":\"https:\/\/dev.webxost.com\/sunsun2\/#website\",\"url\":\"https:\/\/dev.webxost.com\/sunsun2\/\",\"name\":\"sun\/sun\",\"description\":\"label de cr\u00e9ation \u00e9ditoriale\",\"potentialAction\":[{\"@type\":\"SearchAction\",\"target\":{\"@type\":\"EntryPoint\",\"urlTemplate\":\"https:\/\/dev.webxost.com\/sunsun2\/?s={search_term_string}\"},\"query-input\":{\"@type\":\"PropertyValueSpecification\",\"valueRequired\":true,\"valueName\":\"search_term_string\"}}],\"inLanguage\":\"en-US\"}]}<\/script>\n<!-- \/ Yoast SEO plugin. -->","yoast_head_json":{"title":"Envol\u00e9e - sun\/sun","robots":{"index":"index","follow":"follow","max-snippet":"max-snippet:-1","max-image-preview":"max-image-preview:large","max-video-preview":"max-video-preview:-1"},"canonical":"https:\/\/sunsun.fr\/en\/editions\/envolee\/","og_locale":"en_US","og_type":"article","og_title":"Envol\u00e9e - sun\/sun","og_description":"Quelles traces les lieux conservent-ils des \u00e9v\u00e8nements qui s&#8217;y sont d\u00e9roul\u00e9s? Sous quelle forme le sol, les arbres, les b\u00e2timents, gardent-ils quelque part en eux la non-concordance des temps qui s&#8217;y d\u00e9roulent ? Qu&#8217;est-ce qu&#8217;un film tourn\u00e9 sans pr\u00e9vision d&#8217;\u00eatre mont\u00e9 ni montr\u00e9, aujourd&#8217;hui tomb\u00e9 dans le domaine public, conserve d&#8217;une m\u00e9moire familiale enti\u00e8rement \u00e9vanouie [&hellip;]","og_url":"https:\/\/sunsun.fr\/en\/editions\/envolee\/","og_site_name":"sun\/sun","article_publisher":"https:\/\/www.facebook.com\/icisunsun","article_modified_time":"2025-04-24T18:32:58+00:00","og_image":[{"width":2011,"height":2560,"url":"https:\/\/sunsun.fr\/app\/uploads\/2025\/03\/Envolee-scaled.jpg","type":"image\/jpeg"}],"twitter_card":"summary_large_image","twitter_misc":{"Est. reading time":"2 minutes"},"schema":{"@context":"https:\/\/schema.org","@graph":[{"@type":"WebPage","@id":"https:\/\/sunsun.fr\/en\/editions\/envolee\/","url":"https:\/\/sunsun.fr\/en\/editions\/envolee\/","name":"Envol\u00e9e - sun\/sun","isPartOf":{"@id":"https:\/\/dev.webxost.com\/sunsun2\/#website"},"primaryImageOfPage":{"@id":"https:\/\/sunsun.fr\/en\/editions\/envolee\/#primaryimage"},"image":{"@id":"https:\/\/sunsun.fr\/en\/editions\/envolee\/#primaryimage"},"thumbnailUrl":"https:\/\/sunsun.fr\/app\/uploads\/2023\/11\/Fl_Envolee_1000x.jpg","datePublished":"2023-11-19T03:13:39+00:00","dateModified":"2025-04-24T18:32:58+00:00","breadcrumb":{"@id":"https:\/\/sunsun.fr\/en\/editions\/envolee\/#breadcrumb"},"inLanguage":"en-US","potentialAction":[{"@type":"ReadAction","target":["https:\/\/sunsun.fr\/en\/editions\/envolee\/"]}]},{"@type":"ImageObject","inLanguage":"en-US","@id":"https:\/\/sunsun.fr\/en\/editions\/envolee\/#primaryimage","url":"https:\/\/sunsun.fr\/app\/uploads\/2023\/11\/Fl_Envolee_1000x.jpg","contentUrl":"https:\/\/sunsun.fr\/app\/uploads\/2023\/11\/Fl_Envolee_1000x.jpg","width":1000,"height":750},{"@type":"BreadcrumbList","@id":"https:\/\/sunsun.fr\/en\/editions\/envolee\/#breadcrumb","itemListElement":[{"@type":"ListItem","position":1,"name":"Home","item":"https:\/\/sunsun.fr\/en\/"},{"@type":"ListItem","position":2,"name":"\u00e9ditions","item":"https:\/\/sunsun.fr\/en\/"},{"@type":"ListItem","position":3,"name":"Envol\u00e9e"}]},{"@type":"WebSite","@id":"https:\/\/dev.webxost.com\/sunsun2\/#website","url":"https:\/\/dev.webxost.com\/sunsun2\/","name":"sun\/sun","description":"label de cr\u00e9ation \u00e9ditoriale","potentialAction":[{"@type":"SearchAction","target":{"@type":"EntryPoint","urlTemplate":"https:\/\/dev.webxost.com\/sunsun2\/?s={search_term_string}"},"query-input":{"@type":"PropertyValueSpecification","valueRequired":true,"valueName":"search_term_string"}}],"inLanguage":"en-US"}]}},"_links":{"self":[{"href":"https:\/\/sunsun.fr\/en\/wp-json\/wp\/v2\/product\/2768"}],"collection":[{"href":"https:\/\/sunsun.fr\/en\/wp-json\/wp\/v2\/product"}],"about":[{"href":"https:\/\/sunsun.fr\/en\/wp-json\/wp\/v2\/types\/product"}],"wp:featuredmedia":[{"embeddable":true,"href":"https:\/\/sunsun.fr\/en\/wp-json\/wp\/v2\/media\/2887"}],"wp:attachment":[{"href":"https:\/\/sunsun.fr\/en\/wp-json\/wp\/v2\/media?parent=2768"}],"wp:term":[{"taxonomy":"product_cat","embeddable":true,"href":"https:\/\/sunsun.fr\/en\/wp-json\/wp\/v2\/product_cat?post=2768"},{"taxonomy":"product_tag","embeddable":true,"href":"https:\/\/sunsun.fr\/en\/wp-json\/wp\/v2\/product_tag?post=2768"}],"curies":[{"name":"wp","href":"https:\/\/api.w.org\/{rel}","templated":true}]}}