{"id":3174,"date":"2023-11-19T04:06:02","date_gmt":"2023-11-19T03:06:02","guid":{"rendered":"https:\/\/sunsun.fr\/?post_type=product&#038;p=3174"},"modified":"2025-10-27T15:01:22","modified_gmt":"2025-10-27T14:01:22","slug":"toi-et-ton-frere","status":"publish","type":"product","link":"https:\/\/sunsun.fr\/en\/editions\/toi-et-ton-frere\/","title":{"rendered":"Toi et ton fr\u00e8re"},"content":{"rendered":"<p>&#8220;\u00c0 tous les jeunes h\u00e9ros qui ont pris des bateaux, qu&#8217;ils aient disparu pour toujours dans la mer d&#8217;Albor\u00e1n ou qu&#8217;ils aient atteint les rives interdites et d\u00e9sir\u00e9es, ces pages sont d\u00e9di\u00e9es.&#8221;<\/p>\n<p>Image \u25aa Alger, Alg\u00e9rie, Le port vers l&#8217;Amiraut\u00e9, 1929 (F. Gadmer, autochrome, A63569S), Collections du mus\u00e9e d\u00e9partemental Albert-Kahn &#8211; avec son aimable autorisation de reproduction.<\/p>\n<p>Fl\u00e9chette est une collection de livres o\u00f9 dialoguent les images des Archives de la Plan\u00e8te (1909-1931) avec des textes d\u2019autrices et d\u2019auteurs contemporain.e.s. Textes documentaires, po\u00e9tiques, ou essais, chaque livre est compos\u00e9 par une autrice ou un auteur, invit\u00e9.e \u00e0 se saisir d\u2019une seule image (autochrome et\/ou film) \u00e0 partir de laquelle elle\/il \u00e9crit.<\/p>\n<p><strong>Une actualisation et une r\u00e9actualisation cent ans plus tard de la question de la disparition des mondes.<\/strong><\/p>\n<p>Chacun des ouvrages comporte en ouverture une reproduction de l\u2019autochrome choisie ins\u00e9r\u00e9e en premi\u00e8re page.<\/p>\n","protected":false},"excerpt":{"rendered":"<p>&#8220;\u00c0 tous les jeunes h\u00e9ros qui ont pris des bateaux, qu&#8217;ils aient disparu pour toujours dans la mer d&#8217;Albor\u00e1n ou qu&#8217;ils aient atteint les rives interdites et d\u00e9sir\u00e9es, ces pages sont d\u00e9di\u00e9es.&#8221; Image \u25aa Alger, Alg\u00e9rie, Le port vers l&#8217;Amiraut\u00e9, 1929 (F. Gadmer, autochrome, A63569S), Collections du mus\u00e9e d\u00e9partemental Albert-Kahn &#8211; avec son aimable autorisation [&hellip;]<\/p>\n","protected":false},"featured_media":2895,"template":"","meta":{"_acf_changed":false,"_exactmetrics_skip_tracking":false,"_exactmetrics_sitenote_active":false,"_exactmetrics_sitenote_note":"","_exactmetrics_sitenote_category":0},"product_cat":[97],"product_tag":[],"class_list":{"0":"post-3174","1":"product","2":"type-product","3":"status-publish","4":"has-post-thumbnail","6":"writer-marie-cosnay-en","7":"product_cat-uncategorized-en","9":"first","10":"instock","11":"shipping-taxable","12":"purchasable","13":"product-type-simple"},"acf":[],"yoast_head":"<!-- This site is optimized with the Yoast SEO plugin v23.5 - https:\/\/yoast.com\/wordpress\/plugins\/seo\/ -->\n<title>Toi et ton fr\u00e8re - sun\/sun<\/title>\n<meta name=\"robots\" content=\"index, follow, max-snippet:-1, max-image-preview:large, max-video-preview:-1\" \/>\n<link rel=\"canonical\" href=\"https:\/\/sunsun.fr\/en\/editions\/toi-et-ton-frere\/\" \/>\n<meta property=\"og:locale\" content=\"en_US\" \/>\n<meta property=\"og:type\" content=\"article\" \/>\n<meta property=\"og:title\" content=\"Toi et ton fr\u00e8re - sun\/sun\" \/>\n<meta property=\"og:description\" content=\"&#8220;\u00c0 tous les jeunes h\u00e9ros qui ont pris des bateaux, qu&#8217;ils aient disparu pour toujours dans la mer d&#8217;Albor\u00e1n ou qu&#8217;ils aient atteint les rives interdites et d\u00e9sir\u00e9es, ces pages sont d\u00e9di\u00e9es.&#8221; Image \u25aa Alger, Alg\u00e9rie, Le port vers l&#8217;Amiraut\u00e9, 1929 (F. Gadmer, autochrome, A63569S), Collections du mus\u00e9e d\u00e9partemental Albert-Kahn &#8211; avec son aimable autorisation [&hellip;]\" \/>\n<meta property=\"og:url\" content=\"https:\/\/sunsun.fr\/en\/editions\/toi-et-ton-frere\/\" \/>\n<meta property=\"og:site_name\" content=\"sun\/sun\" \/>\n<meta property=\"article:publisher\" content=\"https:\/\/www.facebook.com\/icisunsun\" \/>\n<meta property=\"article:modified_time\" content=\"2025-10-27T14:01:22+00:00\" \/>\n<meta property=\"og:image\" content=\"https:\/\/sunsun.fr\/app\/uploads\/2023\/11\/FL_toi-et-ton.jpg\" \/>\n\t<meta property=\"og:image:width\" content=\"600\" \/>\n\t<meta property=\"og:image:height\" content=\"450\" \/>\n\t<meta property=\"og:image:type\" content=\"image\/jpeg\" \/>\n<meta name=\"twitter:card\" content=\"summary_large_image\" \/>\n<meta name=\"twitter:label1\" content=\"Est. reading time\" \/>\n\t<meta name=\"twitter:data1\" content=\"1 minute\" \/>\n<script type=\"application\/ld+json\" class=\"yoast-schema-graph\">{\"@context\":\"https:\/\/schema.org\",\"@graph\":[{\"@type\":\"WebPage\",\"@id\":\"https:\/\/sunsun.fr\/en\/editions\/toi-et-ton-frere\/\",\"url\":\"https:\/\/sunsun.fr\/en\/editions\/toi-et-ton-frere\/\",\"name\":\"Toi et ton fr\u00e8re - sun\/sun\",\"isPartOf\":{\"@id\":\"https:\/\/dev.webxost.com\/sunsun2\/#website\"},\"primaryImageOfPage\":{\"@id\":\"https:\/\/sunsun.fr\/en\/editions\/toi-et-ton-frere\/#primaryimage\"},\"image\":{\"@id\":\"https:\/\/sunsun.fr\/en\/editions\/toi-et-ton-frere\/#primaryimage\"},\"thumbnailUrl\":\"https:\/\/sunsun.fr\/app\/uploads\/2023\/11\/FL_toi-et-ton.jpg\",\"datePublished\":\"2023-11-19T03:06:02+00:00\",\"dateModified\":\"2025-10-27T14:01:22+00:00\",\"breadcrumb\":{\"@id\":\"https:\/\/sunsun.fr\/en\/editions\/toi-et-ton-frere\/#breadcrumb\"},\"inLanguage\":\"en-US\",\"potentialAction\":[{\"@type\":\"ReadAction\",\"target\":[\"https:\/\/sunsun.fr\/en\/editions\/toi-et-ton-frere\/\"]}]},{\"@type\":\"ImageObject\",\"inLanguage\":\"en-US\",\"@id\":\"https:\/\/sunsun.fr\/en\/editions\/toi-et-ton-frere\/#primaryimage\",\"url\":\"https:\/\/sunsun.fr\/app\/uploads\/2023\/11\/FL_toi-et-ton.jpg\",\"contentUrl\":\"https:\/\/sunsun.fr\/app\/uploads\/2023\/11\/FL_toi-et-ton.jpg\",\"width\":600,\"height\":450},{\"@type\":\"BreadcrumbList\",\"@id\":\"https:\/\/sunsun.fr\/en\/editions\/toi-et-ton-frere\/#breadcrumb\",\"itemListElement\":[{\"@type\":\"ListItem\",\"position\":1,\"name\":\"Home\",\"item\":\"https:\/\/sunsun.fr\/en\/\"},{\"@type\":\"ListItem\",\"position\":2,\"name\":\"\u00e9ditions\",\"item\":\"https:\/\/sunsun.fr\/en\/\"},{\"@type\":\"ListItem\",\"position\":3,\"name\":\"Toi et ton fr\u00e8re\"}]},{\"@type\":\"WebSite\",\"@id\":\"https:\/\/dev.webxost.com\/sunsun2\/#website\",\"url\":\"https:\/\/dev.webxost.com\/sunsun2\/\",\"name\":\"sun\/sun\",\"description\":\"label de cr\u00e9ation \u00e9ditoriale\",\"potentialAction\":[{\"@type\":\"SearchAction\",\"target\":{\"@type\":\"EntryPoint\",\"urlTemplate\":\"https:\/\/dev.webxost.com\/sunsun2\/?s={search_term_string}\"},\"query-input\":{\"@type\":\"PropertyValueSpecification\",\"valueRequired\":true,\"valueName\":\"search_term_string\"}}],\"inLanguage\":\"en-US\"}]}<\/script>\n<!-- \/ Yoast SEO plugin. -->","yoast_head_json":{"title":"Toi et ton fr\u00e8re - sun\/sun","robots":{"index":"index","follow":"follow","max-snippet":"max-snippet:-1","max-image-preview":"max-image-preview:large","max-video-preview":"max-video-preview:-1"},"canonical":"https:\/\/sunsun.fr\/en\/editions\/toi-et-ton-frere\/","og_locale":"en_US","og_type":"article","og_title":"Toi et ton fr\u00e8re - sun\/sun","og_description":"&#8220;\u00c0 tous les jeunes h\u00e9ros qui ont pris des bateaux, qu&#8217;ils aient disparu pour toujours dans la mer d&#8217;Albor\u00e1n ou qu&#8217;ils aient atteint les rives interdites et d\u00e9sir\u00e9es, ces pages sont d\u00e9di\u00e9es.&#8221; Image \u25aa Alger, Alg\u00e9rie, Le port vers l&#8217;Amiraut\u00e9, 1929 (F. Gadmer, autochrome, A63569S), Collections du mus\u00e9e d\u00e9partemental Albert-Kahn &#8211; avec son aimable autorisation [&hellip;]","og_url":"https:\/\/sunsun.fr\/en\/editions\/toi-et-ton-frere\/","og_site_name":"sun\/sun","article_publisher":"https:\/\/www.facebook.com\/icisunsun","article_modified_time":"2025-10-27T14:01:22+00:00","og_image":[{"width":600,"height":450,"url":"https:\/\/sunsun.fr\/app\/uploads\/2023\/11\/FL_toi-et-ton.jpg","type":"image\/jpeg"}],"twitter_card":"summary_large_image","twitter_misc":{"Est. reading time":"1 minute"},"schema":{"@context":"https:\/\/schema.org","@graph":[{"@type":"WebPage","@id":"https:\/\/sunsun.fr\/en\/editions\/toi-et-ton-frere\/","url":"https:\/\/sunsun.fr\/en\/editions\/toi-et-ton-frere\/","name":"Toi et ton fr\u00e8re - sun\/sun","isPartOf":{"@id":"https:\/\/dev.webxost.com\/sunsun2\/#website"},"primaryImageOfPage":{"@id":"https:\/\/sunsun.fr\/en\/editions\/toi-et-ton-frere\/#primaryimage"},"image":{"@id":"https:\/\/sunsun.fr\/en\/editions\/toi-et-ton-frere\/#primaryimage"},"thumbnailUrl":"https:\/\/sunsun.fr\/app\/uploads\/2023\/11\/FL_toi-et-ton.jpg","datePublished":"2023-11-19T03:06:02+00:00","dateModified":"2025-10-27T14:01:22+00:00","breadcrumb":{"@id":"https:\/\/sunsun.fr\/en\/editions\/toi-et-ton-frere\/#breadcrumb"},"inLanguage":"en-US","potentialAction":[{"@type":"ReadAction","target":["https:\/\/sunsun.fr\/en\/editions\/toi-et-ton-frere\/"]}]},{"@type":"ImageObject","inLanguage":"en-US","@id":"https:\/\/sunsun.fr\/en\/editions\/toi-et-ton-frere\/#primaryimage","url":"https:\/\/sunsun.fr\/app\/uploads\/2023\/11\/FL_toi-et-ton.jpg","contentUrl":"https:\/\/sunsun.fr\/app\/uploads\/2023\/11\/FL_toi-et-ton.jpg","width":600,"height":450},{"@type":"BreadcrumbList","@id":"https:\/\/sunsun.fr\/en\/editions\/toi-et-ton-frere\/#breadcrumb","itemListElement":[{"@type":"ListItem","position":1,"name":"Home","item":"https:\/\/sunsun.fr\/en\/"},{"@type":"ListItem","position":2,"name":"\u00e9ditions","item":"https:\/\/sunsun.fr\/en\/"},{"@type":"ListItem","position":3,"name":"Toi et ton fr\u00e8re"}]},{"@type":"WebSite","@id":"https:\/\/dev.webxost.com\/sunsun2\/#website","url":"https:\/\/dev.webxost.com\/sunsun2\/","name":"sun\/sun","description":"label de cr\u00e9ation \u00e9ditoriale","potentialAction":[{"@type":"SearchAction","target":{"@type":"EntryPoint","urlTemplate":"https:\/\/dev.webxost.com\/sunsun2\/?s={search_term_string}"},"query-input":{"@type":"PropertyValueSpecification","valueRequired":true,"valueName":"search_term_string"}}],"inLanguage":"en-US"}]}},"_links":{"self":[{"href":"https:\/\/sunsun.fr\/en\/wp-json\/wp\/v2\/product\/3174"}],"collection":[{"href":"https:\/\/sunsun.fr\/en\/wp-json\/wp\/v2\/product"}],"about":[{"href":"https:\/\/sunsun.fr\/en\/wp-json\/wp\/v2\/types\/product"}],"wp:featuredmedia":[{"embeddable":true,"href":"https:\/\/sunsun.fr\/en\/wp-json\/wp\/v2\/media\/2895"}],"wp:attachment":[{"href":"https:\/\/sunsun.fr\/en\/wp-json\/wp\/v2\/media?parent=3174"}],"wp:term":[{"taxonomy":"product_cat","embeddable":true,"href":"https:\/\/sunsun.fr\/en\/wp-json\/wp\/v2\/product_cat?post=3174"},{"taxonomy":"product_tag","embeddable":true,"href":"https:\/\/sunsun.fr\/en\/wp-json\/wp\/v2\/product_tag?post=3174"}],"curies":[{"name":"wp","href":"https:\/\/api.w.org\/{rel}","templated":true}]}}